{"id":4195,"date":"2025-12-25T14:36:03","date_gmt":"2025-12-25T14:36:03","guid":{"rendered":"https:\/\/www.christiegrey.com\/product\/feder-und-gummi-akustikdeckenaufhaenger\/"},"modified":"2025-12-25T14:36:03","modified_gmt":"2025-12-25T14:36:03","slug":"feder-und-gummi-akustikdeckenaufhaenger","status":"publish","type":"product","link":"https:\/\/www.christiegrey.com\/de\/produkt\/feder-und-gummi-akustikdeckenaufhaenger\/","title":{"rendered":"Feder- und Gummi-Akustikdeckenaufh\u00e4nger"},"content":{"rendered":"<p>Ein umfassendes Sortiment an Stahlfeder- und Gummi-Akustikdeckenaufh\u00e4ngern<br \/>\n, das dem Designer die Wahl zwischen Niederfrequenz-Schwingungsd\u00e4mmung<br \/>\noder optimaler Leistung bei h\u00f6heren h\u00f6rbaren<br \/>\nFrequenzen bietet, sofern L\u00e4rmschutz von gr\u00f6\u00dfter Bedeutung ist.<\/p>\n","protected":false},"excerpt":{"rendered":"<p>Typ LSH und LRH<\/p>\n","protected":false},"featured_media":1083,"comment_status":"open","ping_status":"closed","template":"","meta":{"_acf_changed":false},"product_brand":[],"product_cat":[110,109],"product_tag":[],"class_list":{"0":"post-4195","1":"product","2":"type-product","3":"status-publish","4":"has-post-thumbnail","6":"product_cat-akustikdeckenprodukte","7":"product_cat-baulosungen","9":"first","10":"instock","11":"shipping-taxable","12":"purchasable","13":"product-type-simple"},"acf":[],"yoast_head":"<!-- This site is optimized with the Yoast SEO plugin v27.0 - https:\/\/yoast.com\/product\/yoast-seo-wordpress\/ -->\n<title>LSH &amp; LRH Feder- und Gummi-Akustikdeckenaufh\u00e4nger<\/title>\n<meta name=\"description\" content=\"LSH- und LRH-Feder- und Gummideckenaufh\u00e4nger bieten vielseitige Schwingungsd\u00e4mmung mit niedriger und hoher Frequenzleistung zur L\u00e4rmkontrolle in akustischen Decken.\" \/>\n<meta name=\"robots\" content=\"index, follow, max-snippet:-1, max-image-preview:large, max-video-preview:-1\" \/>\n<link rel=\"canonical\" href=\"https:\/\/www.christiegrey.com\/de\/produkt\/feder-und-gummi-akustikdeckenaufhaenger\/\" \/>\n<meta property=\"og:locale\" content=\"de_DE\" \/>\n<meta property=\"og:type\" content=\"article\" \/>\n<meta property=\"og:title\" content=\"LSH &amp; LRH Feder- und Gummi-Akustikdeckenaufh\u00e4nger\" \/>\n<meta property=\"og:description\" content=\"LSH- und LRH-Feder- und Gummideckenaufh\u00e4nger bieten vielseitige Schwingungsd\u00e4mmung mit niedriger und hoher Frequenzleistung zur L\u00e4rmkontrolle in akustischen Decken.\" \/>\n<meta property=\"og:url\" content=\"https:\/\/www.christiegrey.com\/de\/produkt\/feder-und-gummi-akustikdeckenaufhaenger\/\" \/>\n<meta property=\"article:publisher\" content=\"https:\/\/www.facebook.com\/christieandgreylimited\" \/>\n<meta property=\"og:image\" content=\"https:\/\/www.christiegrey.com\/wp-content\/uploads\/2025\/12\/lrh.png\" \/>\n\t<meta property=\"og:image:width\" content=\"365\" \/>\n\t<meta property=\"og:image:height\" content=\"365\" \/>\n\t<meta property=\"og:image:type\" content=\"image\/png\" \/>\n<meta name=\"twitter:card\" content=\"summary_large_image\" \/>\n<meta name=\"twitter:site\" content=\"@christiegreyltd\" \/>\n<script type=\"application\/ld+json\" class=\"yoast-schema-graph\">{\"@context\":\"https:\/\/schema.org\",\"@graph\":[{\"@type\":\"WebPage\",\"@id\":\"https:\/\/www.christiegrey.com\/de\/produkt\/feder-und-gummi-akustikdeckenaufhaenger\/\",\"url\":\"https:\/\/www.christiegrey.com\/de\/produkt\/feder-und-gummi-akustikdeckenaufhaenger\/\",\"name\":\"LSH & LRH Feder- und Gummi-Akustikdeckenaufh\u00e4nger\",\"isPartOf\":{\"@id\":\"https:\/\/www.christiegrey.com\/#website\"},\"primaryImageOfPage\":{\"@id\":\"https:\/\/www.christiegrey.com\/de\/produkt\/feder-und-gummi-akustikdeckenaufhaenger\/#primaryimage\"},\"image\":{\"@id\":\"https:\/\/www.christiegrey.com\/de\/produkt\/feder-und-gummi-akustikdeckenaufhaenger\/#primaryimage\"},\"thumbnailUrl\":\"https:\/\/www.christiegrey.com\/wp-content\/uploads\/2025\/12\/lrh.png\",\"datePublished\":\"2025-12-25T14:36:03+00:00\",\"description\":\"LSH- und LRH-Feder- und Gummideckenaufh\u00e4nger bieten vielseitige Schwingungsd\u00e4mmung mit niedriger und hoher Frequenzleistung zur L\u00e4rmkontrolle in akustischen Decken.\",\"breadcrumb\":{\"@id\":\"https:\/\/www.christiegrey.com\/de\/produkt\/feder-und-gummi-akustikdeckenaufhaenger\/#breadcrumb\"},\"inLanguage\":\"de\",\"potentialAction\":[{\"@type\":\"ReadAction\",\"target\":[\"https:\/\/www.christiegrey.com\/de\/produkt\/feder-und-gummi-akustikdeckenaufhaenger\/\"]}]},{\"@type\":\"ImageObject\",\"inLanguage\":\"de\",\"@id\":\"https:\/\/www.christiegrey.com\/de\/produkt\/feder-und-gummi-akustikdeckenaufhaenger\/#primaryimage\",\"url\":\"https:\/\/www.christiegrey.com\/wp-content\/uploads\/2025\/12\/lrh.png\",\"contentUrl\":\"https:\/\/www.christiegrey.com\/wp-content\/uploads\/2025\/12\/lrh.png\",\"width\":365,\"height\":365,\"caption\":\"Spring and Rubber Acoustic Ceiling Hangers\"},{\"@type\":\"BreadcrumbList\",\"@id\":\"https:\/\/www.christiegrey.com\/de\/produkt\/feder-und-gummi-akustikdeckenaufhaenger\/#breadcrumb\",\"itemListElement\":[{\"@type\":\"ListItem\",\"position\":1,\"name\":\"Zuhause\",\"item\":\"https:\/\/www.christiegrey.com\/\"},{\"@type\":\"ListItem\",\"position\":2,\"name\":\"Unsere Produkte\",\"item\":\"https:\/\/www.christiegrey.com\/products\/\"},{\"@type\":\"ListItem\",\"position\":3,\"name\":\"Feder- und Gummi-Akustikdeckenaufh\u00e4nger\"}]},{\"@type\":\"WebSite\",\"@id\":\"https:\/\/www.christiegrey.com\/#website\",\"url\":\"https:\/\/www.christiegrey.com\/\",\"name\":\"Christie & Grey\",\"description\":\"\",\"publisher\":{\"@id\":\"https:\/\/www.christiegrey.com\/#organization\"},\"potentialAction\":[{\"@type\":\"SearchAction\",\"target\":{\"@type\":\"EntryPoint\",\"urlTemplate\":\"https:\/\/www.christiegrey.com\/?s={search_term_string}\"},\"query-input\":{\"@type\":\"PropertyValueSpecification\",\"valueRequired\":true,\"valueName\":\"search_term_string\"}}],\"inLanguage\":\"de\"},{\"@type\":\"Organization\",\"@id\":\"https:\/\/www.christiegrey.com\/#organization\",\"name\":\"Christie & Grey\",\"url\":\"https:\/\/www.christiegrey.com\/\",\"logo\":{\"@type\":\"ImageObject\",\"inLanguage\":\"de\",\"@id\":\"https:\/\/www.christiegrey.com\/#\/schema\/logo\/image\/\",\"url\":\"https:\/\/www.christiegrey.com\/wp-content\/uploads\/2026\/02\/cropped-logo-scaled-1.png\",\"contentUrl\":\"https:\/\/www.christiegrey.com\/wp-content\/uploads\/2026\/02\/cropped-logo-scaled-1.png\",\"width\":250,\"height\":90,\"caption\":\"Christie & Grey\"},\"image\":{\"@id\":\"https:\/\/www.christiegrey.com\/#\/schema\/logo\/image\/\"},\"sameAs\":[\"https:\/\/www.facebook.com\/christieandgreylimited\",\"https:\/\/x.com\/christiegreyltd\"]}]}<\/script>\n<!-- \/ Yoast SEO plugin. -->","yoast_head_json":{"title":"LSH & LRH Feder- und Gummi-Akustikdeckenaufh\u00e4nger","description":"LSH- und LRH-Feder- und Gummideckenaufh\u00e4nger bieten vielseitige Schwingungsd\u00e4mmung mit niedriger und hoher Frequenzleistung zur L\u00e4rmkontrolle in akustischen Decken.","robots":{"index":"index","follow":"follow","max-snippet":"max-snippet:-1","max-image-preview":"max-image-preview:large","max-video-preview":"max-video-preview:-1"},"canonical":"https:\/\/www.christiegrey.com\/de\/produkt\/feder-und-gummi-akustikdeckenaufhaenger\/","og_locale":"de_DE","og_type":"article","og_title":"LSH & LRH Feder- und Gummi-Akustikdeckenaufh\u00e4nger","og_description":"LSH- und LRH-Feder- und Gummideckenaufh\u00e4nger bieten vielseitige Schwingungsd\u00e4mmung mit niedriger und hoher Frequenzleistung zur L\u00e4rmkontrolle in akustischen Decken.","og_url":"https:\/\/www.christiegrey.com\/de\/produkt\/feder-und-gummi-akustikdeckenaufhaenger\/","article_publisher":"https:\/\/www.facebook.com\/christieandgreylimited","og_image":[{"width":365,"height":365,"url":"https:\/\/www.christiegrey.com\/wp-content\/uploads\/2025\/12\/lrh.png","type":"image\/png"}],"twitter_card":"summary_large_image","twitter_site":"@christiegreyltd","schema":{"@context":"https:\/\/schema.org","@graph":[{"@type":"WebPage","@id":"https:\/\/www.christiegrey.com\/de\/produkt\/feder-und-gummi-akustikdeckenaufhaenger\/","url":"https:\/\/www.christiegrey.com\/de\/produkt\/feder-und-gummi-akustikdeckenaufhaenger\/","name":"LSH & LRH Feder- und Gummi-Akustikdeckenaufh\u00e4nger","isPartOf":{"@id":"https:\/\/www.christiegrey.com\/#website"},"primaryImageOfPage":{"@id":"https:\/\/www.christiegrey.com\/de\/produkt\/feder-und-gummi-akustikdeckenaufhaenger\/#primaryimage"},"image":{"@id":"https:\/\/www.christiegrey.com\/de\/produkt\/feder-und-gummi-akustikdeckenaufhaenger\/#primaryimage"},"thumbnailUrl":"https:\/\/www.christiegrey.com\/wp-content\/uploads\/2025\/12\/lrh.png","datePublished":"2025-12-25T14:36:03+00:00","description":"LSH- und LRH-Feder- und Gummideckenaufh\u00e4nger bieten vielseitige Schwingungsd\u00e4mmung mit niedriger und hoher Frequenzleistung zur L\u00e4rmkontrolle in akustischen Decken.","breadcrumb":{"@id":"https:\/\/www.christiegrey.com\/de\/produkt\/feder-und-gummi-akustikdeckenaufhaenger\/#breadcrumb"},"inLanguage":"de","potentialAction":[{"@type":"ReadAction","target":["https:\/\/www.christiegrey.com\/de\/produkt\/feder-und-gummi-akustikdeckenaufhaenger\/"]}]},{"@type":"ImageObject","inLanguage":"de","@id":"https:\/\/www.christiegrey.com\/de\/produkt\/feder-und-gummi-akustikdeckenaufhaenger\/#primaryimage","url":"https:\/\/www.christiegrey.com\/wp-content\/uploads\/2025\/12\/lrh.png","contentUrl":"https:\/\/www.christiegrey.com\/wp-content\/uploads\/2025\/12\/lrh.png","width":365,"height":365,"caption":"Spring and Rubber Acoustic Ceiling Hangers"},{"@type":"BreadcrumbList","@id":"https:\/\/www.christiegrey.com\/de\/produkt\/feder-und-gummi-akustikdeckenaufhaenger\/#breadcrumb","itemListElement":[{"@type":"ListItem","position":1,"name":"Zuhause","item":"https:\/\/www.christiegrey.com\/"},{"@type":"ListItem","position":2,"name":"Unsere Produkte","item":"https:\/\/www.christiegrey.com\/products\/"},{"@type":"ListItem","position":3,"name":"Feder- und Gummi-Akustikdeckenaufh\u00e4nger"}]},{"@type":"WebSite","@id":"https:\/\/www.christiegrey.com\/#website","url":"https:\/\/www.christiegrey.com\/","name":"Christie & Grey","description":"","publisher":{"@id":"https:\/\/www.christiegrey.com\/#organization"},"potentialAction":[{"@type":"SearchAction","target":{"@type":"EntryPoint","urlTemplate":"https:\/\/www.christiegrey.com\/?s={search_term_string}"},"query-input":{"@type":"PropertyValueSpecification","valueRequired":true,"valueName":"search_term_string"}}],"inLanguage":"de"},{"@type":"Organization","@id":"https:\/\/www.christiegrey.com\/#organization","name":"Christie & Grey","url":"https:\/\/www.christiegrey.com\/","logo":{"@type":"ImageObject","inLanguage":"de","@id":"https:\/\/www.christiegrey.com\/#\/schema\/logo\/image\/","url":"https:\/\/www.christiegrey.com\/wp-content\/uploads\/2026\/02\/cropped-logo-scaled-1.png","contentUrl":"https:\/\/www.christiegrey.com\/wp-content\/uploads\/2026\/02\/cropped-logo-scaled-1.png","width":250,"height":90,"caption":"Christie & Grey"},"image":{"@id":"https:\/\/www.christiegrey.com\/#\/schema\/logo\/image\/"},"sameAs":["https:\/\/www.facebook.com\/christieandgreylimited","https:\/\/x.com\/christiegreyltd"]}]}},"_links":{"self":[{"href":"https:\/\/www.christiegrey.com\/de\/wp-json\/wp\/v2\/product\/4195","targetHints":{"allow":["GET"]}}],"collection":[{"href":"https:\/\/www.christiegrey.com\/de\/wp-json\/wp\/v2\/product"}],"about":[{"href":"https:\/\/www.christiegrey.com\/de\/wp-json\/wp\/v2\/types\/product"}],"replies":[{"embeddable":true,"href":"https:\/\/www.christiegrey.com\/de\/wp-json\/wp\/v2\/comments?post=4195"}],"wp:featuredmedia":[{"embeddable":true,"href":"https:\/\/www.christiegrey.com\/de\/wp-json\/wp\/v2\/media\/1083"}],"wp:attachment":[{"href":"https:\/\/www.christiegrey.com\/de\/wp-json\/wp\/v2\/media?parent=4195"}],"wp:term":[{"taxonomy":"product_brand","embeddable":true,"href":"https:\/\/www.christiegrey.com\/de\/wp-json\/wp\/v2\/product_brand?post=4195"},{"taxonomy":"product_cat","embeddable":true,"href":"https:\/\/www.christiegrey.com\/de\/wp-json\/wp\/v2\/product_cat?post=4195"},{"taxonomy":"product_tag","embeddable":true,"href":"https:\/\/www.christiegrey.com\/de\/wp-json\/wp\/v2\/product_tag?post=4195"}],"curies":[{"name":"wp","href":"https:\/\/api.w.org\/{rel}","templated":true}]}}