{"id":4170,"date":"2025-12-25T14:42:17","date_gmt":"2025-12-25T14:42:17","guid":{"rendered":"https:\/\/www.christiegrey.com\/product\/fruehlingsaufhaenger\/"},"modified":"2025-12-25T14:42:17","modified_gmt":"2025-12-25T14:42:17","slug":"fruehlingsaufhaenger","status":"publish","type":"product","link":"https:\/\/www.christiegrey.com\/de\/produkt\/fruehlingsaufhaenger\/","title":{"rendered":"Fr\u00fchlingsaufh\u00e4nger"},"content":{"rendered":"<p>Ein umfassendes Sortiment an Stahlfederaufh\u00e4ngern mit niedrigfrequenter Schwingungsisolation.<\/p>\n<p>Gro\u00dfe Lastbereiche und Befestigungsanforderungen werden ber\u00fccksichtigt. Spezialisierte B\u00fcgel, die Stahlfedern und Gummielemente kombinieren, sind erh\u00e4ltlich sowie bei Bedarf auch Federn mit h\u00f6herer Durchbietung. <\/p>\n","protected":false},"excerpt":{"rendered":"<p>Typ SH<\/p>\n","protected":false},"featured_media":4180,"comment_status":"open","ping_status":"closed","template":"","meta":{"_acf_changed":false},"product_brand":[],"product_cat":[110,109],"product_tag":[],"class_list":{"0":"post-4170","1":"product","2":"type-product","3":"status-publish","4":"has-post-thumbnail","6":"product_cat-akustikdeckenprodukte","7":"product_cat-baulosungen","9":"first","10":"instock","11":"shipping-taxable","12":"purchasable","13":"product-type-simple"},"acf":[],"yoast_head":"<!-- This site is optimized with the Yoast SEO plugin v27.0 - https:\/\/yoast.com\/product\/yoast-seo-wordpress\/ -->\n<title>SH-Federaufh\u00e4nger \u2013 Niederfrequente Schwingungsisolation<\/title>\n<meta name=\"description\" content=\"SH-Federaufh\u00e4nger bieten Niederfrequenz-Vibrationsisolierung mit gro\u00dfen Lastbereichen und optionalen Feder-Gummi-Kombinationen f\u00fcr verbesserte L\u00e4rmkontrolle.\" \/>\n<meta name=\"robots\" content=\"index, follow, max-snippet:-1, max-image-preview:large, max-video-preview:-1\" \/>\n<link rel=\"canonical\" href=\"https:\/\/www.christiegrey.com\/de\/produkt\/fruehlingsaufhaenger\/\" \/>\n<meta property=\"og:locale\" content=\"de_DE\" \/>\n<meta property=\"og:type\" content=\"article\" \/>\n<meta property=\"og:title\" content=\"SH-Federaufh\u00e4nger \u2013 Niederfrequente Schwingungsisolation\" \/>\n<meta property=\"og:description\" content=\"SH-Federaufh\u00e4nger bieten Niederfrequenz-Vibrationsisolierung mit gro\u00dfen Lastbereichen und optionalen Feder-Gummi-Kombinationen f\u00fcr verbesserte L\u00e4rmkontrolle.\" \/>\n<meta property=\"og:url\" content=\"https:\/\/www.christiegrey.com\/de\/produkt\/fruehlingsaufhaenger\/\" \/>\n<meta property=\"article:publisher\" content=\"https:\/\/www.facebook.com\/christieandgreylimited\" \/>\n<meta property=\"og:image\" content=\"https:\/\/www.christiegrey.com\/wp-content\/uploads\/2025\/12\/sh_365_x_365.jpg\" \/>\n\t<meta property=\"og:image:width\" content=\"365\" \/>\n\t<meta property=\"og:image:height\" content=\"365\" \/>\n\t<meta property=\"og:image:type\" content=\"image\/jpeg\" \/>\n<meta name=\"twitter:card\" content=\"summary_large_image\" \/>\n<meta name=\"twitter:site\" content=\"@christiegreyltd\" \/>\n<script type=\"application\/ld+json\" class=\"yoast-schema-graph\">{\"@context\":\"https:\/\/schema.org\",\"@graph\":[{\"@type\":\"WebPage\",\"@id\":\"https:\/\/www.christiegrey.com\/de\/produkt\/fruehlingsaufhaenger\/\",\"url\":\"https:\/\/www.christiegrey.com\/de\/produkt\/fruehlingsaufhaenger\/\",\"name\":\"SH-Federaufh\u00e4nger \u2013 Niederfrequente Schwingungsisolation\",\"isPartOf\":{\"@id\":\"https:\/\/www.christiegrey.com\/#website\"},\"primaryImageOfPage\":{\"@id\":\"https:\/\/www.christiegrey.com\/de\/produkt\/fruehlingsaufhaenger\/#primaryimage\"},\"image\":{\"@id\":\"https:\/\/www.christiegrey.com\/de\/produkt\/fruehlingsaufhaenger\/#primaryimage\"},\"thumbnailUrl\":\"https:\/\/www.christiegrey.com\/wp-content\/uploads\/2025\/12\/sh_rh.jpg\",\"datePublished\":\"2025-12-25T14:42:17+00:00\",\"description\":\"SH-Federaufh\u00e4nger bieten Niederfrequenz-Vibrationsisolierung mit gro\u00dfen Lastbereichen und optionalen Feder-Gummi-Kombinationen f\u00fcr verbesserte L\u00e4rmkontrolle.\",\"breadcrumb\":{\"@id\":\"https:\/\/www.christiegrey.com\/de\/produkt\/fruehlingsaufhaenger\/#breadcrumb\"},\"inLanguage\":\"de\",\"potentialAction\":[{\"@type\":\"ReadAction\",\"target\":[\"https:\/\/www.christiegrey.com\/de\/produkt\/fruehlingsaufhaenger\/\"]}]},{\"@type\":\"ImageObject\",\"inLanguage\":\"de\",\"@id\":\"https:\/\/www.christiegrey.com\/de\/produkt\/fruehlingsaufhaenger\/#primaryimage\",\"url\":\"https:\/\/www.christiegrey.com\/wp-content\/uploads\/2025\/12\/sh_rh.jpg\",\"contentUrl\":\"https:\/\/www.christiegrey.com\/wp-content\/uploads\/2025\/12\/sh_rh.jpg\",\"width\":1299,\"height\":1575,\"caption\":\"Spring Hangers\"},{\"@type\":\"BreadcrumbList\",\"@id\":\"https:\/\/www.christiegrey.com\/de\/produkt\/fruehlingsaufhaenger\/#breadcrumb\",\"itemListElement\":[{\"@type\":\"ListItem\",\"position\":1,\"name\":\"Zuhause\",\"item\":\"https:\/\/www.christiegrey.com\/\"},{\"@type\":\"ListItem\",\"position\":2,\"name\":\"Unsere Produkte\",\"item\":\"https:\/\/www.christiegrey.com\/products\/\"},{\"@type\":\"ListItem\",\"position\":3,\"name\":\"Fr\u00fchlingsaufh\u00e4nger\"}]},{\"@type\":\"WebSite\",\"@id\":\"https:\/\/www.christiegrey.com\/#website\",\"url\":\"https:\/\/www.christiegrey.com\/\",\"name\":\"Christie & Grey\",\"description\":\"\",\"publisher\":{\"@id\":\"https:\/\/www.christiegrey.com\/#organization\"},\"potentialAction\":[{\"@type\":\"SearchAction\",\"target\":{\"@type\":\"EntryPoint\",\"urlTemplate\":\"https:\/\/www.christiegrey.com\/?s={search_term_string}\"},\"query-input\":{\"@type\":\"PropertyValueSpecification\",\"valueRequired\":true,\"valueName\":\"search_term_string\"}}],\"inLanguage\":\"de\"},{\"@type\":\"Organization\",\"@id\":\"https:\/\/www.christiegrey.com\/#organization\",\"name\":\"Christie & Grey\",\"url\":\"https:\/\/www.christiegrey.com\/\",\"logo\":{\"@type\":\"ImageObject\",\"inLanguage\":\"de\",\"@id\":\"https:\/\/www.christiegrey.com\/#\/schema\/logo\/image\/\",\"url\":\"https:\/\/www.christiegrey.com\/wp-content\/uploads\/2026\/02\/cropped-logo-scaled-1.png\",\"contentUrl\":\"https:\/\/www.christiegrey.com\/wp-content\/uploads\/2026\/02\/cropped-logo-scaled-1.png\",\"width\":250,\"height\":90,\"caption\":\"Christie & Grey\"},\"image\":{\"@id\":\"https:\/\/www.christiegrey.com\/#\/schema\/logo\/image\/\"},\"sameAs\":[\"https:\/\/www.facebook.com\/christieandgreylimited\",\"https:\/\/x.com\/christiegreyltd\"]}]}<\/script>\n<!-- \/ Yoast SEO plugin. -->","yoast_head_json":{"title":"SH-Federaufh\u00e4nger \u2013 Niederfrequente Schwingungsisolation","description":"SH-Federaufh\u00e4nger bieten Niederfrequenz-Vibrationsisolierung mit gro\u00dfen Lastbereichen und optionalen Feder-Gummi-Kombinationen f\u00fcr verbesserte L\u00e4rmkontrolle.","robots":{"index":"index","follow":"follow","max-snippet":"max-snippet:-1","max-image-preview":"max-image-preview:large","max-video-preview":"max-video-preview:-1"},"canonical":"https:\/\/www.christiegrey.com\/de\/produkt\/fruehlingsaufhaenger\/","og_locale":"de_DE","og_type":"article","og_title":"SH-Federaufh\u00e4nger \u2013 Niederfrequente Schwingungsisolation","og_description":"SH-Federaufh\u00e4nger bieten Niederfrequenz-Vibrationsisolierung mit gro\u00dfen Lastbereichen und optionalen Feder-Gummi-Kombinationen f\u00fcr verbesserte L\u00e4rmkontrolle.","og_url":"https:\/\/www.christiegrey.com\/de\/produkt\/fruehlingsaufhaenger\/","article_publisher":"https:\/\/www.facebook.com\/christieandgreylimited","og_image":[{"width":365,"height":365,"url":"https:\/\/www.christiegrey.com\/wp-content\/uploads\/2025\/12\/sh_365_x_365.jpg","type":"image\/jpeg"}],"twitter_card":"summary_large_image","twitter_site":"@christiegreyltd","schema":{"@context":"https:\/\/schema.org","@graph":[{"@type":"WebPage","@id":"https:\/\/www.christiegrey.com\/de\/produkt\/fruehlingsaufhaenger\/","url":"https:\/\/www.christiegrey.com\/de\/produkt\/fruehlingsaufhaenger\/","name":"SH-Federaufh\u00e4nger \u2013 Niederfrequente Schwingungsisolation","isPartOf":{"@id":"https:\/\/www.christiegrey.com\/#website"},"primaryImageOfPage":{"@id":"https:\/\/www.christiegrey.com\/de\/produkt\/fruehlingsaufhaenger\/#primaryimage"},"image":{"@id":"https:\/\/www.christiegrey.com\/de\/produkt\/fruehlingsaufhaenger\/#primaryimage"},"thumbnailUrl":"https:\/\/www.christiegrey.com\/wp-content\/uploads\/2025\/12\/sh_rh.jpg","datePublished":"2025-12-25T14:42:17+00:00","description":"SH-Federaufh\u00e4nger bieten Niederfrequenz-Vibrationsisolierung mit gro\u00dfen Lastbereichen und optionalen Feder-Gummi-Kombinationen f\u00fcr verbesserte L\u00e4rmkontrolle.","breadcrumb":{"@id":"https:\/\/www.christiegrey.com\/de\/produkt\/fruehlingsaufhaenger\/#breadcrumb"},"inLanguage":"de","potentialAction":[{"@type":"ReadAction","target":["https:\/\/www.christiegrey.com\/de\/produkt\/fruehlingsaufhaenger\/"]}]},{"@type":"ImageObject","inLanguage":"de","@id":"https:\/\/www.christiegrey.com\/de\/produkt\/fruehlingsaufhaenger\/#primaryimage","url":"https:\/\/www.christiegrey.com\/wp-content\/uploads\/2025\/12\/sh_rh.jpg","contentUrl":"https:\/\/www.christiegrey.com\/wp-content\/uploads\/2025\/12\/sh_rh.jpg","width":1299,"height":1575,"caption":"Spring Hangers"},{"@type":"BreadcrumbList","@id":"https:\/\/www.christiegrey.com\/de\/produkt\/fruehlingsaufhaenger\/#breadcrumb","itemListElement":[{"@type":"ListItem","position":1,"name":"Zuhause","item":"https:\/\/www.christiegrey.com\/"},{"@type":"ListItem","position":2,"name":"Unsere Produkte","item":"https:\/\/www.christiegrey.com\/products\/"},{"@type":"ListItem","position":3,"name":"Fr\u00fchlingsaufh\u00e4nger"}]},{"@type":"WebSite","@id":"https:\/\/www.christiegrey.com\/#website","url":"https:\/\/www.christiegrey.com\/","name":"Christie & Grey","description":"","publisher":{"@id":"https:\/\/www.christiegrey.com\/#organization"},"potentialAction":[{"@type":"SearchAction","target":{"@type":"EntryPoint","urlTemplate":"https:\/\/www.christiegrey.com\/?s={search_term_string}"},"query-input":{"@type":"PropertyValueSpecification","valueRequired":true,"valueName":"search_term_string"}}],"inLanguage":"de"},{"@type":"Organization","@id":"https:\/\/www.christiegrey.com\/#organization","name":"Christie & Grey","url":"https:\/\/www.christiegrey.com\/","logo":{"@type":"ImageObject","inLanguage":"de","@id":"https:\/\/www.christiegrey.com\/#\/schema\/logo\/image\/","url":"https:\/\/www.christiegrey.com\/wp-content\/uploads\/2026\/02\/cropped-logo-scaled-1.png","contentUrl":"https:\/\/www.christiegrey.com\/wp-content\/uploads\/2026\/02\/cropped-logo-scaled-1.png","width":250,"height":90,"caption":"Christie & Grey"},"image":{"@id":"https:\/\/www.christiegrey.com\/#\/schema\/logo\/image\/"},"sameAs":["https:\/\/www.facebook.com\/christieandgreylimited","https:\/\/x.com\/christiegreyltd"]}]}},"_links":{"self":[{"href":"https:\/\/www.christiegrey.com\/de\/wp-json\/wp\/v2\/product\/4170","targetHints":{"allow":["GET"]}}],"collection":[{"href":"https:\/\/www.christiegrey.com\/de\/wp-json\/wp\/v2\/product"}],"about":[{"href":"https:\/\/www.christiegrey.com\/de\/wp-json\/wp\/v2\/types\/product"}],"replies":[{"embeddable":true,"href":"https:\/\/www.christiegrey.com\/de\/wp-json\/wp\/v2\/comments?post=4170"}],"wp:featuredmedia":[{"embeddable":true,"href":"https:\/\/www.christiegrey.com\/de\/wp-json\/wp\/v2\/media\/4180"}],"wp:attachment":[{"href":"https:\/\/www.christiegrey.com\/de\/wp-json\/wp\/v2\/media?parent=4170"}],"wp:term":[{"taxonomy":"product_brand","embeddable":true,"href":"https:\/\/www.christiegrey.com\/de\/wp-json\/wp\/v2\/product_brand?post=4170"},{"taxonomy":"product_cat","embeddable":true,"href":"https:\/\/www.christiegrey.com\/de\/wp-json\/wp\/v2\/product_cat?post=4170"},{"taxonomy":"product_tag","embeddable":true,"href":"https:\/\/www.christiegrey.com\/de\/wp-json\/wp\/v2\/product_tag?post=4170"}],"curies":[{"name":"wp","href":"https:\/\/api.w.org\/{rel}","templated":true}]}}