{"id":5777,"date":"2026-01-17T10:45:41","date_gmt":"2026-01-17T10:45:41","guid":{"rendered":"https:\/\/www.christiegrey.com\/richtlinien\/"},"modified":"2026-04-02T10:16:17","modified_gmt":"2026-04-02T10:16:17","slug":"richtlinien","status":"publish","type":"page","link":"https:\/\/www.christiegrey.com\/de\/richtlinien\/","title":{"rendered":"Richtlinien"},"content":{"rendered":"\t\t<div data-elementor-type=\"wp-post\" data-elementor-id=\"5777\" class=\"elementor elementor-5777 elementor-2764\" data-elementor-post-type=\"page\">\n\t\t\t\t<div class=\"elementor-element elementor-element-78357653 e-flex e-con-boxed e-con e-parent\" data-id=\"78357653\" data-element_type=\"container\" data-e-type=\"container\" id=\"representatives\" data-settings=\"{&quot;background_background&quot;:&quot;classic&quot;}\">\n\t\t\t\t\t<div class=\"e-con-inner\">\n\t\t\t\t<div class=\"elementor-element elementor-element-a87fce1 elementor-widget elementor-widget-spacer\" data-id=\"a87fce1\" data-element_type=\"widget\" data-e-type=\"widget\" data-widget_type=\"spacer.default\">\n\t\t\t\t\t\t\t<div class=\"elementor-spacer\">\n\t\t\t<div class=\"elementor-spacer-inner\"><\/div>\n\t\t<\/div>\n\t\t\t\t\t\t<\/div>\n\t\t\t\t\t<\/div>\n\t\t\t\t<\/div>\n\t\t<div class=\"elementor-element elementor-element-47529ed e-con-full e-flex e-con e-parent\" data-id=\"47529ed\" data-element_type=\"container\" data-e-type=\"container\">\n\t\t\t\t<div class=\"elementor-element elementor-element-c8fe429 elementor-widget elementor-widget-heading\" data-id=\"c8fe429\" data-element_type=\"widget\" data-e-type=\"widget\" data-widget_type=\"heading.default\">\n\t\t\t\t\t<h1 class=\"elementor-heading-title elementor-size-default\">Datenschutzerkl\u00e4rung<\/h1>\t\t\t\t<\/div>\n\t\t\t\t<div class=\"elementor-element elementor-element-edc8c76 elementor-widget elementor-widget-text-editor\" data-id=\"edc8c76\" data-element_type=\"widget\" data-e-type=\"widget\" data-widget_type=\"text-editor.default\">\n\t\t\t\t\t\t\t\t\t<p>Diese Richtlinie erkl\u00e4rt, wann und warum Christie &amp; Grey Ltd bestimmte Informationen \u00fcber Einzelpersonen sammeln und verwenden muss, wie wir sie nutzen und wie wir sie sicher halten. Dazu k\u00f6nnen Kunden, Lieferanten, Gesch\u00e4ftskontakte, Mitarbeiter und andere Personen geh\u00f6ren, mit denen die Organisation eine Beziehung hat oder mit denen sie Kontakt aufnehmen muss. <\/p><p>Diese Police stellt Christie &amp; Grey Ltd sicher:<br>Entspricht dem Datenschutzrecht und folgt guten Praktiken.<br>Sch\u00fctzt die Rechte von Mitarbeitern, Kunden und Partnern.<br>Ist offen darin, wie es die Daten einzelner Personen speichert und verarbeitet.<br>Sch\u00fctzt sich vor den Risiken einer Datenpanne<\/p><p>Alle Fragen zu dieser Richtlinie sollten schriftlich an Christie &amp; Grey Ltd, Morley Road, Tonbridge, Kent TN9 1RA oder per E-Mail an <a href=\"mailto:media@christiegrey.com\">media@christiegrey.com<\/a> gestellt werden.<\/p>\t\t\t\t\t\t\t\t<\/div>\n\t\t\t\t<div class=\"elementor-element elementor-element-332d26e elementor-widget elementor-widget-text-editor\" data-id=\"332d26e\" data-element_type=\"widget\" data-e-type=\"widget\" data-widget_type=\"text-editor.default\">\n\t\t\t\t\t\t\t\t\t<p><strong>Wie sammeln wir Ihre Daten?<\/strong><\/p><p>Sie stellen uns direkt die meisten der gesammelten Daten zur Verf\u00fcgung. In der Regel sammeln und verarbeiten wir Daten, wenn Sie: <\/p><p>Stellen Sie eine Anfrage nach einem unserer Produkte oder Dienstleistungen<br>Bestellen Sie unsere Produkte oder Dienstleistungen<br>F\u00fcllen Sie freiwillig eine Kundenumfrage aus oder geben Sie Feedback in einem unserer Messageboards oder E-Mails ab<br>Nutzen Sie unsere Website<br>Online registrieren<br>F\u00fchren Sie Telefon- oder Medienanrufe und\/oder senden Sie weitere Korrespondenz.<\/p>\t\t\t\t\t\t\t\t<\/div>\n\t\t\t\t<div class=\"elementor-element elementor-element-390e1a5 elementor-widget elementor-widget-text-editor\" data-id=\"390e1a5\" data-element_type=\"widget\" data-e-type=\"widget\" data-widget_type=\"text-editor.default\">\n\t\t\t\t\t\t\t\t\t<p><strong>Welche Informationen sammeln wir?<\/strong><\/p><p>Wir sammeln personenbezogene Daten, die f\u00fcr die Erbringung unserer Dienstleistungen notwendig sind. Typische Informationen, die wir von Ihnen sammeln, k\u00f6nnten sein: <\/p><p>Dein Name<br>Firmenname<br>Postadresse<br>E-Mail-Adresse<br>Telefonnummer<br>Land, in dem du dich befindest<br>Social-Media-Name<br>Dienstleistungen\/M\u00e4rkte, die dich interessieren<br>Ihre Kommentare\/Fragen<br>Die Bereiche der Website, die Sie besuchen.<\/p><p>Informationen \u00fcber Ihren Computer, wie zum Beispiel welchen Browser Sie verwenden, Ihren Netzwerkstandort, die Art der Verbindung und Ihre IP-Adresse.<\/p><p>Durch die Verwendung von Cookies, kleinen Dateien, die uns helfen, zu verfolgen, wie unsere Besucher die Website nutzen, und erm\u00f6glichen es uns zu verstehen, wo wir Ihre Erfahrung verbessern k\u00f6nnen. Wenn Sie herausfinden m\u00f6chten, welche Cookies wir verwenden und welche Informationen sie erfassen, siehe unsere Cookie-Richtlinie. <\/p>\t\t\t\t\t\t\t\t<\/div>\n\t\t\t\t<div class=\"elementor-element elementor-element-d1e5b9c elementor-widget elementor-widget-text-editor\" data-id=\"d1e5b9c\" data-element_type=\"widget\" data-e-type=\"widget\" data-widget_type=\"text-editor.default\">\n\t\t\t\t\t\t\t\t\t<p><strong>Wie werden wir Ihre Daten verwenden?<\/strong><\/p><p>Unser Unternehmen sammelt Ihre Daten zu folgenden Zwecken:<\/p><p>Um Ihre Serviceanforderungen zu verstehen.<br>F\u00fchre interne Aufzeichnungen.<br>K\u00fcmmere dich um Anfragen.<br>Um Bestellungen zu bearbeiten, die Sie eingereicht haben.<br>Erf\u00fcllung unserer Verpflichtungen, die sich aus Vertr\u00e4gen zwischen Ihnen und uns ergeben.<br>Sie \u00fcber \u00c4nderungen an unseren Dienstleistungen zu informieren.<br>Gesch\u00e4ftsentwicklung.<br>Entwickeln Sie unsere Website.<br>Erkundigen Sie sich bei Kreditauskunfteien und anderen Anbieter von Unternehmensinformationen.<br>Marktforschung<\/p><p><b><br>Vermarktung<br><\/b><br>Von Zeit zu Zeit m\u00f6chten wir Ihnen Informationen \u00fcber Christie and Grey-Dienstleistungen sowie weitere Informationen geben, die Sie f\u00fcr interessant halten. Wir k\u00f6nnen Ihnen solche Informationen per Post, Telefon oder elektronisch senden, es sei denn, Sie haben uns darum gebeten. <\/p><p>Wir werden Ihre pers\u00f6nlichen Informationen nicht ohne Ihre ausdr\u00fcckliche Zustimmung an Dritte zu Marketingzwecken weitergeben.<\/p><p>Wenn Sie keine Marketingkommunikation von uns zu den von uns angebotenen Dienstleistungen oder Produkten erhalten m\u00f6chten, kontaktieren Sie uns bitte unter <a href=\"mailto:media@christiegrey.com\">media@christiegrey.com<\/a> oder folgen Sie dem Abmeldelink in einer unserer Marketingnachrichten.<\/p><p><strong><br>Sicherheit<\/strong><br>Wir setzen uns daf\u00fcr ein, dass Ihre Informationen sicher sind. Um unbefugten Zugriff oder Offenlegung zu verhindern, haben wir geeignete physische, elektronische und verwaltungsbezogene Verfahren eingef\u00fchrt, um die gesammelten Informationen zu sch\u00fctzen und zu sichern, einschlie\u00dflich verschlossener Schr\u00e4nke, elektronischer Passwortschutz und Schl\u00fcsselzugriff auf Geb\u00e4ude. <\/p><p>Wir sind gesetzlich verpflichtet, bestimmte Arten von Informationen zu besitzen, um unseren gesetzlichen Verpflichtungen nachzukommen. Wir bewahren Ihre pers\u00f6nlichen Daten in unseren Systemen so lange auf, wie es f\u00fcr die relevante T\u00e4tigkeit oder f\u00fcr die in einem von Ihnen mit uns vereinbarte Laufzeit erforderlich ist <\/p><p>In manchen F\u00e4llen m\u00fcssen wir Ihre pers\u00f6nlichen Daten gesetzlich offenlegen, weil ein Gericht, die Polizei oder eine andere Strafverfolgungsbeh\u00f6rde uns danach gebeten hat.<\/p><p>Wir k\u00f6nnen Ihre pers\u00f6nlichen Daten an Unternehmen weitergeben, die in unserem Namen handeln und die Informationen ausschlie\u00dflich zur Erbringung dieses Dienstes verwenden. Wir behalten jedoch die Kontrolle \u00fcber Ihre Daten, und jeder Drittanbieter, den wir nutzen, muss gem\u00e4\u00df unseren Anweisungen handeln. <\/p><p>Gegebenenfalls k\u00f6nnen wir \u00c4nderungen an dieser Datenschutzrichtlinie vornehmen; bitte schauen Sie regelm\u00e4\u00dfig vorbei, um \u00fcber Aktualisierungen oder \u00c4nderungen an dieser Datenschutzrichtlinie informiert zu bleiben.<\/p><p><strong><br>Wie Sie auf Ihre Informationen zugreifen und diese aktualisieren k\u00f6nnen<\/strong><\/p><p>Unser Unternehmen m\u00f6chte sicherstellen, dass Sie sich Ihrer Datenschutzrechte voll bewusst sind.<\/p><p>Wenn Sie glauben, dass Informationen \u00fcber Sie falsch oder unvollst\u00e4ndig sind, schreiben Sie uns bitte so bald wie m\u00f6glich eine E-Mail. Wir werden Informationen so bald wie m\u00f6glich korrigieren oder aktualisieren. <\/p><p>Sie haben das Recht, Kopien der pers\u00f6nlichen Informationen anzufordern, die wir \u00fcber Sie besitzen. Wenn Sie eine Kopie der \u00fcber Sie vorliegenden Informationen w\u00fcnschen, kontaktieren Sie uns bitte unter der oben genannten Adresse. Bitte beachten Sie, dass wir f\u00fcr Informationsanfragen eine kleine Verwaltungsgeb\u00fchr von 50 \u00a3 verlangen k\u00f6nnen.  <\/p>\t\t\t\t\t\t\t\t<\/div>\n\t\t\t\t<div class=\"elementor-element elementor-element-a2b6a7b elementor-widget elementor-widget-heading\" data-id=\"a2b6a7b\" data-element_type=\"widget\" data-e-type=\"widget\" data-widget_type=\"heading.default\">\n\t\t\t\t\t<h2 class=\"elementor-heading-title elementor-size-default\">Cookie-Richtlinie<\/h2>\t\t\t\t<\/div>\n\t\t\t\t<div class=\"elementor-element elementor-element-c18b8cf elementor-widget elementor-widget-text-editor\" data-id=\"c18b8cf\" data-element_type=\"widget\" data-e-type=\"widget\" data-widget_type=\"text-editor.default\">\n\t\t\t\t\t\t\t\t\t<p><strong>Cookies auf Christie &amp; Grey-Webseiten<\/strong><\/p><p>Diese Seite verwendet, wie viele andere, kleine Dateien, sogenannte &#8222;Cookies&#8220;, um die Funktion und Funktionsf\u00e4higkeit der Seite nach Bedarf zu erm\u00f6glichen.<\/p><p>Wenn Sie nicht zustimmen, dass Christie &amp; Grey Cookies verwendet, ist es m\u00f6glich, Ihren Browser daran zu hindern, diese zu akzeptieren, jedoch k\u00f6nnen Sie feststellen, dass einige Aspekte der Website nicht mehr funktionieren oder weniger gut funktionieren, wenn Sie dies tun.<\/p><p>Diese Seite enth\u00e4lt Informationen dar\u00fcber, was &#8218;Cookies&#8216; sind, welche Cookies Christie &amp; Grey verwendet, wie man Cookies in Ihrem Browser ausschaltet, wenn Sie Christie &amp; Grey nicht zustimmen, und einige n\u00fctzliche Links f\u00fcr weitere Informationen.<\/p><p><strong><br>Was sind &#8218;Kekse&#8216;?<\/strong><br>&#8222;Cookies&#8220; sind kleine Textdateien, die vom Browser (z. B. Internet Explorer, Chrome oder Safari) auf Ihrem Computer oder Mobiltelefon gespeichert werden. Ihre Ger\u00e4te k\u00f6nnen diese Dateien lesen und schreiben, sodass sie Dinge wie Personalisierungsdetails oder Benutzereinstellungen speichern k\u00f6nnen. Jede Webdomain kann nur auf Cookies zugreifen, die von genau dieser Webdomain gespeichert werden, was bedeutet, dass nur Christie- und Grey-Server auf die Cookies zugreifen k\u00f6nnen. Die meisten Webseiten enthalten Elemente aus mehreren Webdom\u00e4nen. Daher kann Ihr Browser beim Besuch von Christie &amp; Grey Cookies aus mehreren Quellen erhalten.    <\/p><p><strong><br>Wie benutzt Christie &amp; Grey Kekse?<\/strong><br>Ein Besuch einer Seite auf einer Christie &amp; Grey-Website kann folgende Arten von Cookies erzeugen \u2013 Website-Performance-Cookies, anonyme Analyse-Cookies, Affiliate-Tracking-Cookies und Cookies zur Unterst\u00fctzung bei der Erstellung eines Angebots.<\/p><p>Website-Performance-Cookies:<\/p><p>Christie &amp; Grey kann Cookies generieren, um die Leistung der Seite zu verbessern, zum Beispiel um Video-Streaming-Geschwindigkeiten auszuw\u00e4hlen, die mit Ihrem Browser kompatibel sind.<\/p><p>Anonyme Analyse-Cookies:<\/p><p>Jedes Mal, wenn ein Nutzer unsere Websites besucht, erzeugt Webanalyse-Software eines Drittanbieters einen anonymen Analysecookie. Diese Cookies k\u00f6nnen uns sagen, ob Sie die Seite bereits besucht haben oder nicht. Ihr Browser zeigt uns an, ob Sie diese Cookies haben, und wenn nicht, generieren wir neue. So k\u00f6nnen wir verfolgen, wie viele einzelne einzigartige Nutzer wir haben und wie oft sie die Seite besuchen. Diese Cookies k\u00f6nnen nicht zur Identifizierung von Personen verwendet werden; sie werden ausschlie\u00dflich zu statistischen Zwecken verwendet. So k\u00f6nnen wir zum Beispiel erkennen, welche Seiten zu jedem Zeitpunkt am h\u00e4ufigsten besucht werden.     <\/p><p>Affiliate-Tracking-Cookies:<\/p><p>Manchmal m\u00fcssen wir wissen, ob Sie von einem unserer Partner stammen und wie lange es her ist, dass Sie die Seite von dort besucht haben. Um dies zu erreichen, legen wir ein Keks auf Ihren Rechner, wenn Sie Christie &amp; Grey von einem Partnerpartner besuchen. <\/p><p><strong><br>Christie &amp; Grey d\u00fcrfen Cookies ohne Ihre Zustimmung nicht verwenden, also wie schalten Sie Cookies aus?<\/strong><br>Wenn Sie nicht zustimmen, dass Christie &amp; Grey Cookies verwendet, ist es m\u00f6glich, Ihren Browser daran zu hindern, diese zu akzeptieren. Allerdings k\u00f6nnen Sie feststellen, dass einige Aspekte der Website nicht mehr funktionieren oder weniger gut funktionieren, wenn Sie dies tun. <\/p><p>Wenn Sie Ihren Browser nicht daran hindern, Christie &amp; Grey-Cookies zu akzeptieren, stimmen Sie der Verwendung von Cookies im Web Journey zu.<\/p><p>Alle modernen Browser erlauben es, Ihre Cookie-Einstellungen zu \u00e4ndern. Diese Einstellungen finden sich typischerweise im Men\u00fc &#8218;Optionen&#8216; oder &#8218;Einstellungen&#8216; Ihres Browsers und enthalten eine Einstellung, mit der Sie verhindern k\u00f6nnen, dass Ihr Browser Cookies akzeptiert. Um diese Einstellungen zu verstehen, konsultieren Sie bitte Ihre Browserdokumentation oder Online-Hilfedateien.  <\/p><p>Es ist m\u00f6glich, Cookies in Ihrem Browser zu deaktivieren, jedoch k\u00f6nnen Sie feststellen, dass einige Aspekte der Website nicht mehr funktionieren oder weniger gut funktionieren, wenn Sie dies tun.<\/p><p>Diese Seite enth\u00e4lt Informationen dar\u00fcber, was &#8218;Cookies&#8216; sind, welche Cookies Christie &amp; Grey verwendet, wie man Cookies in Ihrem Browser ausschaltet, wenn Sie Christie &amp; Grey nicht zustimmen, und einige n\u00fctzliche Links f\u00fcr weitere Informationen.<\/p>\t\t\t\t\t\t\t\t<\/div>\n\t\t\t\t<\/div>\n\t\t<div class=\"elementor-element elementor-element-b8df315 e-flex e-con-boxed e-con e-parent\" data-id=\"b8df315\" data-element_type=\"container\" data-e-type=\"container\" data-settings=\"{&quot;background_background&quot;:&quot;classic&quot;}\">\n\t\t\t\t\t<div class=\"e-con-inner\">\n\t\t<div class=\"elementor-element elementor-element-d9fe9a1 e-grid e-con-full e-con e-child\" data-id=\"d9fe9a1\" data-element_type=\"container\" data-e-type=\"container\">\n\t\t\t\t<div class=\"elementor-element elementor-element-501b9eb elementor-widget elementor-widget-heading\" data-id=\"501b9eb\" data-element_type=\"widget\" data-e-type=\"widget\" data-widget_type=\"heading.default\">\n\t\t\t\t\t<h2 class=\"elementor-heading-title elementor-size-default\">F\u00fcr weitere Informationen oder Anfragen\n<\/h2>\t\t\t\t<\/div>\n\t\t\t\t<div class=\"elementor-element elementor-element-7b2fc81 elementor-widget elementor-widget-html\" data-id=\"7b2fc81\" data-element_type=\"widget\" data-e-type=\"widget\" data-widget_type=\"html.default\">\n\t\t\t\t\t<a class=\"about-contact-link\" href=\"https:\/\/www.christiegrey.com\/de\/kontakt\/\">Kontaktieren Sie uns <img decoding=\"async\" class=\"white-arrow\" src=\"https:\/\/christiegrey.com\/wp-content\/uploads\/2025\/12\/contact-icon.png\" alt=\"\">\n<\/a>\t\t\t\t<\/div>\n\t\t\t\t<\/div>\n\t\t\t\t\t<\/div>\n\t\t\t\t<\/div>\n\t\t\t\t<\/div>\n\t\t","protected":false},"excerpt":{"rendered":"<p>Datenschutzerkl\u00e4rung Diese Richtlinie erkl\u00e4rt, wann und warum Christie &amp; Grey Ltd bestimmte Informationen \u00fcber Einzelpersonen sammeln und verwenden muss, wie wir sie nutzen und wie wir sie sicher halten. Dazu k\u00f6nnen Kunden, Lieferanten, Gesch\u00e4ftskontakte, Mitarbeiter und andere Personen geh\u00f6ren, mit denen die Organisation eine Beziehung hat oder mit denen sie Kontakt aufnehmen muss. Diese Police&hellip;<\/p>\n","protected":false},"author":1,"featured_media":0,"parent":0,"menu_order":0,"comment_status":"closed","ping_status":"closed","template":"","meta":{"_acf_changed":false,"footnotes":""},"class_list":["post-5777","page","type-page","status-publish","hentry"],"acf":[],"yoast_head":"<!-- This site is optimized with the Yoast SEO plugin v27.0 - https:\/\/yoast.com\/product\/yoast-seo-wordpress\/ -->\n<title>Richtlinien | Christie &amp; Grey<\/title>\n<meta name=\"description\" content=\"Diese Richtlinie legt fest, warum Christie &amp; Grey pers\u00f6nliche Informationen sammelt, wie diese verwendet werden und welche Schritte wir unternehmen, um die Daten f\u00fcr alle, mit denen wir zusammenarbeiten, sicher zu halten.\" \/>\n<meta name=\"robots\" content=\"index, follow, max-snippet:-1, max-image-preview:large, max-video-preview:-1\" \/>\n<link rel=\"canonical\" href=\"https:\/\/www.christiegrey.com\/de\/richtlinien\/\" \/>\n<meta property=\"og:locale\" content=\"de_DE\" \/>\n<meta property=\"og:type\" content=\"article\" \/>\n<meta property=\"og:title\" content=\"Richtlinien | Christie &amp; Grey\" \/>\n<meta property=\"og:description\" content=\"Diese Richtlinie legt fest, warum Christie &amp; Grey pers\u00f6nliche Informationen sammelt, wie diese verwendet werden und welche Schritte wir unternehmen, um die Daten f\u00fcr alle, mit denen wir zusammenarbeiten, sicher zu halten.\" \/>\n<meta property=\"og:url\" content=\"https:\/\/www.christiegrey.com\/de\/richtlinien\/\" \/>\n<meta property=\"article:publisher\" content=\"https:\/\/www.facebook.com\/christieandgreylimited\" \/>\n<meta property=\"article:modified_time\" content=\"2026-04-02T10:16:17+00:00\" \/>\n<meta property=\"og:image\" content=\"https:\/\/christiegrey.com\/wp-content\/uploads\/2025\/12\/contact-icon.png\" \/>\n<meta name=\"twitter:card\" content=\"summary_large_image\" \/>\n<meta name=\"twitter:site\" content=\"@christiegreyltd\" \/>\n<meta name=\"twitter:label1\" content=\"Gesch\u00e4tzte Lesezeit\" \/>\n\t<meta name=\"twitter:data1\" content=\"7\u00a0Minute\" \/>\n<script type=\"application\/ld+json\" class=\"yoast-schema-graph\">{\"@context\":\"https:\/\/schema.org\",\"@graph\":[{\"@type\":\"WebPage\",\"@id\":\"https:\/\/www.christiegrey.com\/de\/richtlinien\/\",\"url\":\"https:\/\/www.christiegrey.com\/de\/richtlinien\/\",\"name\":\"Richtlinien | Christie & Grey\",\"isPartOf\":{\"@id\":\"https:\/\/www.christiegrey.com\/#website\"},\"primaryImageOfPage\":{\"@id\":\"https:\/\/www.christiegrey.com\/de\/richtlinien\/#primaryimage\"},\"image\":{\"@id\":\"https:\/\/www.christiegrey.com\/de\/richtlinien\/#primaryimage\"},\"thumbnailUrl\":\"https:\/\/christiegrey.com\/wp-content\/uploads\/2025\/12\/contact-icon.png\",\"datePublished\":\"2026-01-17T10:45:41+00:00\",\"dateModified\":\"2026-04-02T10:16:17+00:00\",\"description\":\"Diese Richtlinie legt fest, warum Christie & Grey pers\u00f6nliche Informationen sammelt, wie diese verwendet werden und welche Schritte wir unternehmen, um die Daten f\u00fcr alle, mit denen wir zusammenarbeiten, sicher zu halten.\",\"breadcrumb\":{\"@id\":\"https:\/\/www.christiegrey.com\/de\/richtlinien\/#breadcrumb\"},\"inLanguage\":\"de\",\"potentialAction\":[{\"@type\":\"ReadAction\",\"target\":[\"https:\/\/www.christiegrey.com\/de\/richtlinien\/\"]}]},{\"@type\":\"ImageObject\",\"inLanguage\":\"de\",\"@id\":\"https:\/\/www.christiegrey.com\/de\/richtlinien\/#primaryimage\",\"url\":\"https:\/\/christiegrey.com\/wp-content\/uploads\/2025\/12\/contact-icon.png\",\"contentUrl\":\"https:\/\/christiegrey.com\/wp-content\/uploads\/2025\/12\/contact-icon.png\"},{\"@type\":\"BreadcrumbList\",\"@id\":\"https:\/\/www.christiegrey.com\/de\/richtlinien\/#breadcrumb\",\"itemListElement\":[{\"@type\":\"ListItem\",\"position\":1,\"name\":\"Zuhause\",\"item\":\"https:\/\/www.christiegrey.com\/\"},{\"@type\":\"ListItem\",\"position\":2,\"name\":\"Richtlinien\"}]},{\"@type\":\"WebSite\",\"@id\":\"https:\/\/www.christiegrey.com\/#website\",\"url\":\"https:\/\/www.christiegrey.com\/\",\"name\":\"Christie & Grey\",\"description\":\"\",\"publisher\":{\"@id\":\"https:\/\/www.christiegrey.com\/#organization\"},\"potentialAction\":[{\"@type\":\"SearchAction\",\"target\":{\"@type\":\"EntryPoint\",\"urlTemplate\":\"https:\/\/www.christiegrey.com\/?s={search_term_string}\"},\"query-input\":{\"@type\":\"PropertyValueSpecification\",\"valueRequired\":true,\"valueName\":\"search_term_string\"}}],\"inLanguage\":\"de\"},{\"@type\":\"Organization\",\"@id\":\"https:\/\/www.christiegrey.com\/#organization\",\"name\":\"Christie & Grey\",\"url\":\"https:\/\/www.christiegrey.com\/\",\"logo\":{\"@type\":\"ImageObject\",\"inLanguage\":\"de\",\"@id\":\"https:\/\/www.christiegrey.com\/#\/schema\/logo\/image\/\",\"url\":\"https:\/\/www.christiegrey.com\/wp-content\/uploads\/2026\/02\/cropped-logo-scaled-1.png\",\"contentUrl\":\"https:\/\/www.christiegrey.com\/wp-content\/uploads\/2026\/02\/cropped-logo-scaled-1.png\",\"width\":250,\"height\":90,\"caption\":\"Christie & Grey\"},\"image\":{\"@id\":\"https:\/\/www.christiegrey.com\/#\/schema\/logo\/image\/\"},\"sameAs\":[\"https:\/\/www.facebook.com\/christieandgreylimited\",\"https:\/\/x.com\/christiegreyltd\"]}]}<\/script>\n<!-- \/ Yoast SEO plugin. -->","yoast_head_json":{"title":"Richtlinien | Christie & Grey","description":"Diese Richtlinie legt fest, warum Christie & Grey pers\u00f6nliche Informationen sammelt, wie diese verwendet werden und welche Schritte wir unternehmen, um die Daten f\u00fcr alle, mit denen wir zusammenarbeiten, sicher zu halten.","robots":{"index":"index","follow":"follow","max-snippet":"max-snippet:-1","max-image-preview":"max-image-preview:large","max-video-preview":"max-video-preview:-1"},"canonical":"https:\/\/www.christiegrey.com\/de\/richtlinien\/","og_locale":"de_DE","og_type":"article","og_title":"Richtlinien | Christie & Grey","og_description":"Diese Richtlinie legt fest, warum Christie & Grey pers\u00f6nliche Informationen sammelt, wie diese verwendet werden und welche Schritte wir unternehmen, um die Daten f\u00fcr alle, mit denen wir zusammenarbeiten, sicher zu halten.","og_url":"https:\/\/www.christiegrey.com\/de\/richtlinien\/","article_publisher":"https:\/\/www.facebook.com\/christieandgreylimited","article_modified_time":"2026-04-02T10:16:17+00:00","og_image":[{"url":"https:\/\/christiegrey.com\/wp-content\/uploads\/2025\/12\/contact-icon.png","type":"","width":"","height":""}],"twitter_card":"summary_large_image","twitter_site":"@christiegreyltd","twitter_misc":{"Gesch\u00e4tzte Lesezeit":"7\u00a0Minute"},"schema":{"@context":"https:\/\/schema.org","@graph":[{"@type":"WebPage","@id":"https:\/\/www.christiegrey.com\/de\/richtlinien\/","url":"https:\/\/www.christiegrey.com\/de\/richtlinien\/","name":"Richtlinien | Christie & Grey","isPartOf":{"@id":"https:\/\/www.christiegrey.com\/#website"},"primaryImageOfPage":{"@id":"https:\/\/www.christiegrey.com\/de\/richtlinien\/#primaryimage"},"image":{"@id":"https:\/\/www.christiegrey.com\/de\/richtlinien\/#primaryimage"},"thumbnailUrl":"https:\/\/christiegrey.com\/wp-content\/uploads\/2025\/12\/contact-icon.png","datePublished":"2026-01-17T10:45:41+00:00","dateModified":"2026-04-02T10:16:17+00:00","description":"Diese Richtlinie legt fest, warum Christie & Grey pers\u00f6nliche Informationen sammelt, wie diese verwendet werden und welche Schritte wir unternehmen, um die Daten f\u00fcr alle, mit denen wir zusammenarbeiten, sicher zu halten.","breadcrumb":{"@id":"https:\/\/www.christiegrey.com\/de\/richtlinien\/#breadcrumb"},"inLanguage":"de","potentialAction":[{"@type":"ReadAction","target":["https:\/\/www.christiegrey.com\/de\/richtlinien\/"]}]},{"@type":"ImageObject","inLanguage":"de","@id":"https:\/\/www.christiegrey.com\/de\/richtlinien\/#primaryimage","url":"https:\/\/christiegrey.com\/wp-content\/uploads\/2025\/12\/contact-icon.png","contentUrl":"https:\/\/christiegrey.com\/wp-content\/uploads\/2025\/12\/contact-icon.png"},{"@type":"BreadcrumbList","@id":"https:\/\/www.christiegrey.com\/de\/richtlinien\/#breadcrumb","itemListElement":[{"@type":"ListItem","position":1,"name":"Zuhause","item":"https:\/\/www.christiegrey.com\/"},{"@type":"ListItem","position":2,"name":"Richtlinien"}]},{"@type":"WebSite","@id":"https:\/\/www.christiegrey.com\/#website","url":"https:\/\/www.christiegrey.com\/","name":"Christie & Grey","description":"","publisher":{"@id":"https:\/\/www.christiegrey.com\/#organization"},"potentialAction":[{"@type":"SearchAction","target":{"@type":"EntryPoint","urlTemplate":"https:\/\/www.christiegrey.com\/?s={search_term_string}"},"query-input":{"@type":"PropertyValueSpecification","valueRequired":true,"valueName":"search_term_string"}}],"inLanguage":"de"},{"@type":"Organization","@id":"https:\/\/www.christiegrey.com\/#organization","name":"Christie & Grey","url":"https:\/\/www.christiegrey.com\/","logo":{"@type":"ImageObject","inLanguage":"de","@id":"https:\/\/www.christiegrey.com\/#\/schema\/logo\/image\/","url":"https:\/\/www.christiegrey.com\/wp-content\/uploads\/2026\/02\/cropped-logo-scaled-1.png","contentUrl":"https:\/\/www.christiegrey.com\/wp-content\/uploads\/2026\/02\/cropped-logo-scaled-1.png","width":250,"height":90,"caption":"Christie & Grey"},"image":{"@id":"https:\/\/www.christiegrey.com\/#\/schema\/logo\/image\/"},"sameAs":["https:\/\/www.facebook.com\/christieandgreylimited","https:\/\/x.com\/christiegreyltd"]}]}},"_links":{"self":[{"href":"https:\/\/www.christiegrey.com\/de\/wp-json\/wp\/v2\/pages\/5777","targetHints":{"allow":["GET"]}}],"collection":[{"href":"https:\/\/www.christiegrey.com\/de\/wp-json\/wp\/v2\/pages"}],"about":[{"href":"https:\/\/www.christiegrey.com\/de\/wp-json\/wp\/v2\/types\/page"}],"author":[{"embeddable":true,"href":"https:\/\/www.christiegrey.com\/de\/wp-json\/wp\/v2\/users\/1"}],"replies":[{"embeddable":true,"href":"https:\/\/www.christiegrey.com\/de\/wp-json\/wp\/v2\/comments?post=5777"}],"version-history":[{"count":1,"href":"https:\/\/www.christiegrey.com\/de\/wp-json\/wp\/v2\/pages\/5777\/revisions"}],"predecessor-version":[{"id":5778,"href":"https:\/\/www.christiegrey.com\/de\/wp-json\/wp\/v2\/pages\/5777\/revisions\/5778"}],"wp:attachment":[{"href":"https:\/\/www.christiegrey.com\/de\/wp-json\/wp\/v2\/media?parent=5777"}],"curies":[{"name":"wp","href":"https:\/\/api.w.org\/{rel}","templated":true}]}}