{"id":3737,"date":"2026-01-16T09:58:40","date_gmt":"2026-01-16T09:58:40","guid":{"rendered":"https:\/\/christiegrey.com\/qualitaet-und-umwelt\/"},"modified":"2026-01-26T06:43:37","modified_gmt":"2026-01-26T06:43:37","slug":"qualitaet-und-umwelt","status":"publish","type":"page","link":"https:\/\/www.christiegrey.com\/de\/qualitaet-und-umwelt\/","title":{"rendered":"Qualit\u00e4t und Umwelt"},"content":{"rendered":"\t\t<div data-elementor-type=\"wp-post\" data-elementor-id=\"3737\" class=\"elementor elementor-3737 elementor-2765\" data-elementor-post-type=\"page\">\n\t\t\t\t<div class=\"elementor-element elementor-element-6bfed19b e-flex e-con-boxed e-con e-parent\" data-id=\"6bfed19b\" data-element_type=\"container\" data-e-type=\"container\" data-settings=\"{&quot;background_background&quot;:&quot;classic&quot;}\">\n\t\t\t\t\t<div class=\"e-con-inner\">\n\t\t\t\t<div class=\"elementor-element elementor-element-2713b399 elementor-widget elementor-widget-heading\" data-id=\"2713b399\" data-element_type=\"widget\" data-e-type=\"widget\" data-widget_type=\"heading.default\">\n\t\t\t\t\t<h2 class=\"elementor-heading-title elementor-size-default\">Qualit\u00e4t und Umwelt<\/h2>\t\t\t\t<\/div>\n\t\t\t\t<div class=\"elementor-element elementor-element-2a7844d6 elementor-widget elementor-widget-text-editor\" data-id=\"2a7844d6\" data-element_type=\"widget\" data-e-type=\"widget\" data-widget_type=\"text-editor.default\">\n\t\t\t\t\t\t\t\t\t<p>Standards, die zuverl\u00e4ssige Technik unterst\u00fctzen<\/p>\t\t\t\t\t\t\t\t<\/div>\n\t\t\t\t\t<\/div>\n\t\t\t\t<\/div>\n\t\t<div class=\"elementor-element elementor-element-f1cb943 e-flex e-con-boxed e-con e-parent\" data-id=\"f1cb943\" data-element_type=\"container\" data-e-type=\"container\" data-settings=\"{&quot;background_background&quot;:&quot;classic&quot;}\">\n\t\t\t\t\t<div class=\"e-con-inner\">\n\t\t<div class=\"elementor-element elementor-element-d55132b e-con-full e-flex e-con e-child\" data-id=\"d55132b\" data-element_type=\"container\" data-e-type=\"container\" data-settings=\"{&quot;background_background&quot;:&quot;classic&quot;}\">\n\t\t\t\t<div class=\"elementor-element elementor-element-0425c02 elementor-widget elementor-widget-text-editor\" data-id=\"0425c02\" data-element_type=\"widget\" data-e-type=\"widget\" data-widget_type=\"text-editor.default\">\n\t\t\t\t\t\t\t\t\t<p>Qualit\u00e4t und Umweltverantwortung sind integraler Bestandteil der Art und Weise, wie Christie &amp; Grey Schwingungsisolierungsl\u00f6sungen entwirft, herstellt und unterst\u00fctzt. Unsere Managementsysteme gew\u00e4hrleisten eine konsistente Leistung, Einhaltung und verantwortungsvollen Betrieb in maritimen, industriellen und baulichen Anwendungen. <\/p>\t\t\t\t\t\t\t\t<\/div>\n\t\t\t\t<\/div>\n\t\t\t\t\t<\/div>\n\t\t\t\t<\/div>\n\t\t<div class=\"elementor-element elementor-element-62e1c0e e-flex e-con-boxed e-con e-parent\" data-id=\"62e1c0e\" data-element_type=\"container\" data-e-type=\"container\" id=\"faq_section\" data-settings=\"{&quot;background_background&quot;:&quot;classic&quot;}\">\n\t\t\t\t\t<div class=\"e-con-inner\">\n\t\t\t\t<div class=\"elementor-element elementor-element-e777e7c elementor-widget elementor-widget-heading\" data-id=\"e777e7c\" data-element_type=\"widget\" data-e-type=\"widget\" data-widget_type=\"heading.default\">\n\t\t\t\t\t<h2 class=\"elementor-heading-title elementor-size-default\">Qualit\u00e4t<\/h2>\t\t\t\t<\/div>\n\t\t\t\t<div class=\"elementor-element elementor-element-0b40265 elementor-widget elementor-widget-text-editor\" data-id=\"0b40265\" data-element_type=\"widget\" data-e-type=\"widget\" data-widget_type=\"text-editor.default\">\n\t\t\t\t\t\t\t\t\t<p>Das von Christie &amp; Grey implementierte Qualit\u00e4tsmanagementsystem wurde so strukturiert, dass es den Anforderungen von BS EN ISO 9001:2015 entspricht und entsprechend betrieben wird.<\/p><p>Das Qualit\u00e4tsmanagementsystem wurde so strukturiert, dass die Wechselwirkung von Gesch\u00e4fts- und Produktionsprozessen identifiziert wird, die wirtschaftlich sicherstellen und verifizieren, dass unsere Kunden kontinuierlich Antivibrationskontrollsysteme und -dienstleistungen erhalten, die f\u00fcr den vorgesehenen Zweck geeignet sind, die erforderliche Leistung und Zuverl\u00e4ssigkeit bieten und dabei Gesundheits- und Sicherheitsfaktoren einhalten.<\/p><p>Prozesse werden kontinuierlich \u00fcberwacht, gemessen und analysiert, und regelm\u00e4\u00dfige \u00dcberpr\u00fcfungen des Qualit\u00e4tsmanagementsystems werden durchgef\u00fchrt, um sicherzustellen, dass Ressourcen und Informationen zur Unterst\u00fctzung des Systems verf\u00fcgbar sind und die geplanten kontinuierlichen Verbesserungsziele erreicht wurden.<\/p><p>Qualit\u00e4t ist grundlegend f\u00fcr alle Aspekte unseres Services, was durch unsere Registrierung bei BS EN ISO 9001:2015 BEST\u00c4TIGT WIRD. Die Registrierung gilt nur f\u00fcr Christie &amp; Grey Limited. <\/p><p><strong>Downloads:<\/strong><br><a href=\"https:\/\/christiegrey.com\/wp-content\/uploads\/2026\/01\/dnv-type-approval-certificate.pdf\">DNV-Typenzulassungszertifikat<\/a><br><a href=\"https:\/\/christiegrey.com\/wp-content\/uploads\/2026\/01\/qms-iso9001-2015.pdf\">QMS-ISO9001-2015.PDF<\/a><br><a href=\"https:\/\/christiegrey.com\/wp-content\/uploads\/2026\/01\/quality-policy-2024.pdf\">Qualit\u00e4tspolitik 2024.pdf<\/a><\/p>\t\t\t\t\t\t\t\t<\/div>\n\t\t\t\t<div class=\"elementor-element elementor-element-0dc8bb1 elementor-widget elementor-widget-spacer\" data-id=\"0dc8bb1\" data-element_type=\"widget\" data-e-type=\"widget\" data-widget_type=\"spacer.default\">\n\t\t\t\t\t\t\t<div class=\"elementor-spacer\">\n\t\t\t<div class=\"elementor-spacer-inner\"><\/div>\n\t\t<\/div>\n\t\t\t\t\t\t<\/div>\n\t\t\t\t<div class=\"elementor-element elementor-element-c79b5be elementor-widget elementor-widget-heading\" data-id=\"c79b5be\" data-element_type=\"widget\" data-e-type=\"widget\" data-widget_type=\"heading.default\">\n\t\t\t\t\t<h2 class=\"elementor-heading-title elementor-size-default\">Umwelt<\/h2>\t\t\t\t<\/div>\n\t\t\t\t<div class=\"elementor-element elementor-element-b2cfbf0 elementor-widget elementor-widget-text-editor\" data-id=\"b2cfbf0\" data-element_type=\"widget\" data-e-type=\"widget\" data-widget_type=\"text-editor.default\">\n\t\t\t\t\t\t\t\t\t<p>Das von Christie &amp; Grey implementierte Umweltmanagementsystem wurde so strukturiert, dass es den Prinzipien von BS EN ISO 14001:2015 entspricht und entsprechend betrieben wird.<\/p><p>Das Umweltmanagementsystem wurde so strukturiert, dass es die Wechselwirkung von Gesch\u00e4fts- und Produktionsprozessen des Unternehmens bestimmt und die Auswirkungen dieser Prozesse auf die Umwelt kontinuierlich reduziert.<\/p><p>Gesch\u00e4fts- und Produktionsprozesse, einschlie\u00dflich ausgelagerter Prozesse, werden kontinuierlich \u00fcberwacht, gemessen und wo anwendbar analysiert, um sicherzustellen, dass Ressourcen und Informationen zur Unterst\u00fctzung des Systems verf\u00fcgbar sind und geplante kontinuierliche Verbesserungsziele erreicht wurden.<\/p><p><strong>Downloads:<\/strong><br><a href=\"https:\/\/christiegrey.com\/wp-content\/uploads\/2026\/01\/environment-policy.pdf\">Umweltpolitische Frage 7.pdf<\/a><\/p>\t\t\t\t\t\t\t\t<\/div>\n\t\t\t\t\t<\/div>\n\t\t\t\t<\/div>\n\t\t<div class=\"elementor-element elementor-element-b8df315 e-flex e-con-boxed e-con e-parent\" data-id=\"b8df315\" data-element_type=\"container\" data-e-type=\"container\" data-settings=\"{&quot;background_background&quot;:&quot;classic&quot;}\">\n\t\t\t\t\t<div class=\"e-con-inner\">\n\t\t<div class=\"elementor-element elementor-element-d9fe9a1 e-grid e-con-full e-con e-child\" data-id=\"d9fe9a1\" data-element_type=\"container\" data-e-type=\"container\">\n\t\t\t\t<div class=\"elementor-element elementor-element-501b9eb elementor-widget elementor-widget-heading\" data-id=\"501b9eb\" data-element_type=\"widget\" data-e-type=\"widget\" data-widget_type=\"heading.default\">\n\t\t\t\t\t<h2 class=\"elementor-heading-title elementor-size-default\">F\u00fcr weitere Informationen oder Anfragen\n<\/h2>\t\t\t\t<\/div>\n\t\t\t\t<div class=\"elementor-element elementor-element-7b2fc81 elementor-widget-mobile__width-initial elementor-widget elementor-widget-html\" data-id=\"7b2fc81\" data-element_type=\"widget\" data-e-type=\"widget\" data-widget_type=\"html.default\">\n\t\t\t\t\t<a class=\"about-contact-link\" href=\"https:\/\/christiegrey.com\/de\/kontakt\/\">Kontaktieren Sie uns  <img decoding=\"async\" class=\"white-arrow\" src=\"https:\/\/christiegrey.com\/wp-content\/uploads\/2025\/12\/contact-icon.png\" alt=\"\">\n<\/a>\t\t\t\t<\/div>\n\t\t\t\t<\/div>\n\t\t\t\t\t<\/div>\n\t\t\t\t<\/div>\n\t\t\t\t<\/div>\n\t\t","protected":false},"excerpt":{"rendered":"<p>Qualit\u00e4t und Umwelt Standards, die zuverl\u00e4ssige Technik unterst\u00fctzen Qualit\u00e4t und Umweltverantwortung sind integraler Bestandteil der Art und Weise, wie Christie &amp; Grey Schwingungsisolierungsl\u00f6sungen entwirft, herstellt und unterst\u00fctzt. Unsere Managementsysteme gew\u00e4hrleisten eine konsistente Leistung, Einhaltung und verantwortungsvollen Betrieb in maritimen, industriellen und baulichen Anwendungen. Qualit\u00e4t Das von Christie &amp; Grey implementierte Qualit\u00e4tsmanagementsystem wurde so strukturiert, dass&hellip;<\/p>\n","protected":false},"author":1,"featured_media":0,"parent":0,"menu_order":0,"comment_status":"closed","ping_status":"closed","template":"","meta":{"_acf_changed":false,"footnotes":""},"class_list":["post-3737","page","type-page","status-publish","hentry"],"acf":[],"yoast_head":"<!-- This site is optimized with the Yoast SEO plugin v27.0 - https:\/\/yoast.com\/product\/yoast-seo-wordpress\/ -->\n<title>Qualit\u00e4t &amp; Umwelt | Christie &amp; Grey<\/title>\n<meta name=\"description\" content=\"Erfahren Sie mehr \u00fcber die Qualit\u00e4ts- und Umweltmanagementsysteme von Christie &amp; Grey, einschlie\u00dflich ISO 9001- und ISO 14001-Standards und -Richtlinien.\" \/>\n<meta name=\"robots\" content=\"index, follow, max-snippet:-1, max-image-preview:large, max-video-preview:-1\" \/>\n<link rel=\"canonical\" href=\"https:\/\/www.christiegrey.com\/quality-and-environment\/\" \/>\n<meta property=\"og:locale\" content=\"de_DE\" \/>\n<meta property=\"og:type\" content=\"article\" \/>\n<meta property=\"og:title\" content=\"Qualit\u00e4t &amp; Umwelt | Christie &amp; Grey\" \/>\n<meta property=\"og:description\" content=\"Erfahren Sie mehr \u00fcber die Qualit\u00e4ts- und Umweltmanagementsysteme von Christie &amp; Grey, einschlie\u00dflich ISO 9001- und ISO 14001-Standards und -Richtlinien.\" \/>\n<meta property=\"og:url\" content=\"https:\/\/www.christiegrey.com\/quality-and-environment\/\" \/>\n<meta property=\"article:publisher\" content=\"https:\/\/www.facebook.com\/christieandgreylimited\" \/>\n<meta property=\"article:modified_time\" content=\"2026-01-26T06:43:37+00:00\" \/>\n<meta property=\"og:image\" content=\"https:\/\/christiegrey.com\/wp-content\/uploads\/2025\/12\/contact-icon.png\" \/>\n<meta name=\"twitter:card\" content=\"summary_large_image\" \/>\n<meta name=\"twitter:site\" content=\"@christiegreyltd\" \/>\n<meta name=\"twitter:label1\" content=\"Gesch\u00e4tzte Lesezeit\" \/>\n\t<meta name=\"twitter:data1\" content=\"2\u00a0Minute\" \/>\n<script type=\"application\/ld+json\" class=\"yoast-schema-graph\">{\"@context\":\"https:\/\/schema.org\",\"@graph\":[{\"@type\":\"WebPage\",\"@id\":\"https:\/\/www.christiegrey.com\/quality-and-environment\/\",\"url\":\"https:\/\/www.christiegrey.com\/quality-and-environment\/\",\"name\":\"Qualit\u00e4t & Umwelt | Christie & Grey\",\"isPartOf\":{\"@id\":\"https:\/\/www.christiegrey.com\/#website\"},\"primaryImageOfPage\":{\"@id\":\"https:\/\/www.christiegrey.com\/quality-and-environment\/#primaryimage\"},\"image\":{\"@id\":\"https:\/\/www.christiegrey.com\/quality-and-environment\/#primaryimage\"},\"thumbnailUrl\":\"https:\/\/christiegrey.com\/wp-content\/uploads\/2025\/12\/contact-icon.png\",\"datePublished\":\"2026-01-16T09:58:40+00:00\",\"dateModified\":\"2026-01-26T06:43:37+00:00\",\"description\":\"Erfahren Sie mehr \u00fcber die Qualit\u00e4ts- und Umweltmanagementsysteme von Christie & Grey, einschlie\u00dflich ISO 9001- und ISO 14001-Standards und -Richtlinien.\",\"breadcrumb\":{\"@id\":\"https:\/\/www.christiegrey.com\/quality-and-environment\/#breadcrumb\"},\"inLanguage\":\"de\",\"potentialAction\":[{\"@type\":\"ReadAction\",\"target\":[\"https:\/\/www.christiegrey.com\/quality-and-environment\/\"]}]},{\"@type\":\"ImageObject\",\"inLanguage\":\"de\",\"@id\":\"https:\/\/www.christiegrey.com\/quality-and-environment\/#primaryimage\",\"url\":\"https:\/\/christiegrey.com\/wp-content\/uploads\/2025\/12\/contact-icon.png\",\"contentUrl\":\"https:\/\/christiegrey.com\/wp-content\/uploads\/2025\/12\/contact-icon.png\"},{\"@type\":\"BreadcrumbList\",\"@id\":\"https:\/\/www.christiegrey.com\/quality-and-environment\/#breadcrumb\",\"itemListElement\":[{\"@type\":\"ListItem\",\"position\":1,\"name\":\"Zuhause\",\"item\":\"https:\/\/www.christiegrey.com\/\"},{\"@type\":\"ListItem\",\"position\":2,\"name\":\"Qualit\u00e4t und Umwelt\"}]},{\"@type\":\"WebSite\",\"@id\":\"https:\/\/www.christiegrey.com\/#website\",\"url\":\"https:\/\/www.christiegrey.com\/\",\"name\":\"Christie & Grey\",\"description\":\"\",\"publisher\":{\"@id\":\"https:\/\/www.christiegrey.com\/#organization\"},\"potentialAction\":[{\"@type\":\"SearchAction\",\"target\":{\"@type\":\"EntryPoint\",\"urlTemplate\":\"https:\/\/www.christiegrey.com\/?s={search_term_string}\"},\"query-input\":{\"@type\":\"PropertyValueSpecification\",\"valueRequired\":true,\"valueName\":\"search_term_string\"}}],\"inLanguage\":\"de\"},{\"@type\":\"Organization\",\"@id\":\"https:\/\/www.christiegrey.com\/#organization\",\"name\":\"Christie & Grey\",\"url\":\"https:\/\/www.christiegrey.com\/\",\"logo\":{\"@type\":\"ImageObject\",\"inLanguage\":\"de\",\"@id\":\"https:\/\/www.christiegrey.com\/#\/schema\/logo\/image\/\",\"url\":\"https:\/\/www.christiegrey.com\/wp-content\/uploads\/2026\/02\/cropped-logo-scaled-1.png\",\"contentUrl\":\"https:\/\/www.christiegrey.com\/wp-content\/uploads\/2026\/02\/cropped-logo-scaled-1.png\",\"width\":250,\"height\":90,\"caption\":\"Christie & Grey\"},\"image\":{\"@id\":\"https:\/\/www.christiegrey.com\/#\/schema\/logo\/image\/\"},\"sameAs\":[\"https:\/\/www.facebook.com\/christieandgreylimited\",\"https:\/\/x.com\/christiegreyltd\"]}]}<\/script>\n<!-- \/ Yoast SEO plugin. -->","yoast_head_json":{"title":"Qualit\u00e4t & Umwelt | Christie & Grey","description":"Erfahren Sie mehr \u00fcber die Qualit\u00e4ts- und Umweltmanagementsysteme von Christie & Grey, einschlie\u00dflich ISO 9001- und ISO 14001-Standards und -Richtlinien.","robots":{"index":"index","follow":"follow","max-snippet":"max-snippet:-1","max-image-preview":"max-image-preview:large","max-video-preview":"max-video-preview:-1"},"canonical":"https:\/\/www.christiegrey.com\/quality-and-environment\/","og_locale":"de_DE","og_type":"article","og_title":"Qualit\u00e4t & Umwelt | Christie & Grey","og_description":"Erfahren Sie mehr \u00fcber die Qualit\u00e4ts- und Umweltmanagementsysteme von Christie & Grey, einschlie\u00dflich ISO 9001- und ISO 14001-Standards und -Richtlinien.","og_url":"https:\/\/www.christiegrey.com\/quality-and-environment\/","article_publisher":"https:\/\/www.facebook.com\/christieandgreylimited","article_modified_time":"2026-01-26T06:43:37+00:00","og_image":[{"url":"https:\/\/christiegrey.com\/wp-content\/uploads\/2025\/12\/contact-icon.png","type":"","width":"","height":""}],"twitter_card":"summary_large_image","twitter_site":"@christiegreyltd","twitter_misc":{"Gesch\u00e4tzte Lesezeit":"2\u00a0Minute"},"schema":{"@context":"https:\/\/schema.org","@graph":[{"@type":"WebPage","@id":"https:\/\/www.christiegrey.com\/quality-and-environment\/","url":"https:\/\/www.christiegrey.com\/quality-and-environment\/","name":"Qualit\u00e4t & Umwelt | Christie & Grey","isPartOf":{"@id":"https:\/\/www.christiegrey.com\/#website"},"primaryImageOfPage":{"@id":"https:\/\/www.christiegrey.com\/quality-and-environment\/#primaryimage"},"image":{"@id":"https:\/\/www.christiegrey.com\/quality-and-environment\/#primaryimage"},"thumbnailUrl":"https:\/\/christiegrey.com\/wp-content\/uploads\/2025\/12\/contact-icon.png","datePublished":"2026-01-16T09:58:40+00:00","dateModified":"2026-01-26T06:43:37+00:00","description":"Erfahren Sie mehr \u00fcber die Qualit\u00e4ts- und Umweltmanagementsysteme von Christie & Grey, einschlie\u00dflich ISO 9001- und ISO 14001-Standards und -Richtlinien.","breadcrumb":{"@id":"https:\/\/www.christiegrey.com\/quality-and-environment\/#breadcrumb"},"inLanguage":"de","potentialAction":[{"@type":"ReadAction","target":["https:\/\/www.christiegrey.com\/quality-and-environment\/"]}]},{"@type":"ImageObject","inLanguage":"de","@id":"https:\/\/www.christiegrey.com\/quality-and-environment\/#primaryimage","url":"https:\/\/christiegrey.com\/wp-content\/uploads\/2025\/12\/contact-icon.png","contentUrl":"https:\/\/christiegrey.com\/wp-content\/uploads\/2025\/12\/contact-icon.png"},{"@type":"BreadcrumbList","@id":"https:\/\/www.christiegrey.com\/quality-and-environment\/#breadcrumb","itemListElement":[{"@type":"ListItem","position":1,"name":"Zuhause","item":"https:\/\/www.christiegrey.com\/"},{"@type":"ListItem","position":2,"name":"Qualit\u00e4t und Umwelt"}]},{"@type":"WebSite","@id":"https:\/\/www.christiegrey.com\/#website","url":"https:\/\/www.christiegrey.com\/","name":"Christie & Grey","description":"","publisher":{"@id":"https:\/\/www.christiegrey.com\/#organization"},"potentialAction":[{"@type":"SearchAction","target":{"@type":"EntryPoint","urlTemplate":"https:\/\/www.christiegrey.com\/?s={search_term_string}"},"query-input":{"@type":"PropertyValueSpecification","valueRequired":true,"valueName":"search_term_string"}}],"inLanguage":"de"},{"@type":"Organization","@id":"https:\/\/www.christiegrey.com\/#organization","name":"Christie & Grey","url":"https:\/\/www.christiegrey.com\/","logo":{"@type":"ImageObject","inLanguage":"de","@id":"https:\/\/www.christiegrey.com\/#\/schema\/logo\/image\/","url":"https:\/\/www.christiegrey.com\/wp-content\/uploads\/2026\/02\/cropped-logo-scaled-1.png","contentUrl":"https:\/\/www.christiegrey.com\/wp-content\/uploads\/2026\/02\/cropped-logo-scaled-1.png","width":250,"height":90,"caption":"Christie & Grey"},"image":{"@id":"https:\/\/www.christiegrey.com\/#\/schema\/logo\/image\/"},"sameAs":["https:\/\/www.facebook.com\/christieandgreylimited","https:\/\/x.com\/christiegreyltd"]}]}},"_links":{"self":[{"href":"https:\/\/www.christiegrey.com\/de\/wp-json\/wp\/v2\/pages\/3737","targetHints":{"allow":["GET"]}}],"collection":[{"href":"https:\/\/www.christiegrey.com\/de\/wp-json\/wp\/v2\/pages"}],"about":[{"href":"https:\/\/www.christiegrey.com\/de\/wp-json\/wp\/v2\/types\/page"}],"author":[{"embeddable":true,"href":"https:\/\/www.christiegrey.com\/de\/wp-json\/wp\/v2\/users\/1"}],"replies":[{"embeddable":true,"href":"https:\/\/www.christiegrey.com\/de\/wp-json\/wp\/v2\/comments?post=3737"}],"version-history":[{"count":3,"href":"https:\/\/www.christiegrey.com\/de\/wp-json\/wp\/v2\/pages\/3737\/revisions"}],"predecessor-version":[{"id":3777,"href":"https:\/\/www.christiegrey.com\/de\/wp-json\/wp\/v2\/pages\/3737\/revisions\/3777"}],"wp:attachment":[{"href":"https:\/\/www.christiegrey.com\/de\/wp-json\/wp\/v2\/media?parent=3737"}],"curies":[{"name":"wp","href":"https:\/\/api.w.org\/{rel}","templated":true}]}}