{"id":3669,"date":"2025-12-26T09:31:19","date_gmt":"2025-12-26T09:31:19","guid":{"rendered":"https:\/\/christiegrey.com\/erbe\/"},"modified":"2026-01-26T07:17:22","modified_gmt":"2026-01-26T07:17:22","slug":"erbe","status":"publish","type":"page","link":"https:\/\/www.christiegrey.com\/de\/erbe\/","title":{"rendered":"Erbe"},"content":{"rendered":"\t\t<div data-elementor-type=\"wp-post\" data-elementor-id=\"3669\" class=\"elementor elementor-3669 elementor-1176\" data-elementor-post-type=\"page\">\n\t\t\t\t<div class=\"elementor-element elementor-element-f1cb943 e-flex e-con-boxed e-con e-parent\" data-id=\"f1cb943\" data-element_type=\"container\" data-e-type=\"container\" data-settings=\"{&quot;background_background&quot;:&quot;classic&quot;}\">\n\t\t\t\t\t<div class=\"e-con-inner\">\n\t\t\t\t<div class=\"elementor-element elementor-element-157ddb8 elementor-widget elementor-widget-heading\" data-id=\"157ddb8\" data-element_type=\"widget\" data-e-type=\"widget\" data-widget_type=\"heading.default\">\n\t\t\t\t\t<h2 class=\"elementor-heading-title elementor-size-default\">Unser Erbe<\/h2>\t\t\t\t<\/div>\n\t\t\t\t<div class=\"elementor-element elementor-element-da5fcde elementor-widget elementor-widget-text-editor\" data-id=\"da5fcde\" data-element_type=\"widget\" data-e-type=\"widget\" data-widget_type=\"text-editor.default\">\n\t\t\t\t\t\t\t\t\tDie Nachverfolgung des ingenieurtechnischen Erbes von Christie &amp; Grey von 1914 bis heute.\t\t\t\t\t\t\t\t<\/div>\n\t\t\t\t\t<\/div>\n\t\t\t\t<\/div>\n\t\t<div class=\"elementor-element elementor-element-4a21e4ba e-flex e-con-boxed e-con e-parent\" data-id=\"4a21e4ba\" data-element_type=\"container\" data-e-type=\"container\" data-settings=\"{&quot;background_background&quot;:&quot;classic&quot;}\">\n\t\t\t\t\t<div class=\"e-con-inner\">\n\t\t\t\t<div class=\"elementor-element elementor-element-7d097f81 elementor-widget elementor-widget-heading\" data-id=\"7d097f81\" data-element_type=\"widget\" data-e-type=\"widget\" data-widget_type=\"heading.default\">\n\t\t\t\t\t<h2 class=\"elementor-heading-title elementor-size-default\">Gegr\u00fcndet 1914, ist die Geschichte von Christie &amp; Grey durch technischen Fortschritt gepr\u00e4gt, nicht nur durch Langlebigkeit.  <\/h2>\t\t\t\t<\/div>\n\t\t\t\t<div class=\"elementor-element elementor-element-61622932 elementor-widget elementor-widget-text-editor\" data-id=\"61622932\" data-element_type=\"widget\" data-e-type=\"widget\" data-widget_type=\"text-editor.default\">\n\t\t\t\t\t\t\t\t\t<p>Seit mehr als einem Jahrhundert entwickelt das Unternehmen L\u00f6sungen zur Vibrations-, L\u00e4rm- und Sto\u00dfkontrolle als Reaktion auf reale Herausforderungen \u2013 es unterst\u00fctzt sich entwickelnde Branchen, verbessert Ingenieurstandards und liefert Leistungen, die die Zeit \u00fcberdauern.<\/p>\t\t\t\t\t\t\t\t<\/div>\n\t\t\t\t\t<\/div>\n\t\t\t\t<\/div>\n\t\t<div class=\"elementor-element elementor-element-1cb6007 e-flex e-con-boxed e-con e-parent\" data-id=\"1cb6007\" data-element_type=\"container\" data-e-type=\"container\" id=\"main-timeline-section\">\n\t\t\t\t\t<div class=\"e-con-inner\">\n\t\t\t\t<div class=\"elementor-element elementor-element-bce42ba elementor-widget elementor-widget-shortcode\" data-id=\"bce42ba\" data-element_type=\"widget\" data-e-type=\"widget\" data-widget_type=\"shortcode.default\">\n\t\t\t\t\t\t\t<div class=\"elementor-shortcode\"><\/div>\n\t\t\t\t\t\t<\/div>\n\t\t\t\t\t<\/div>\n\t\t\t\t<\/div>\n\t\t<div class=\"elementor-element elementor-element-569b9c1 e-flex e-con-boxed e-con e-parent\" data-id=\"569b9c1\" data-element_type=\"container\" data-e-type=\"container\" id=\"explore-more-industries\" data-settings=\"{&quot;background_background&quot;:&quot;classic&quot;}\">\n\t\t\t\t\t<div class=\"e-con-inner\">\n\t\t\t\t<div class=\"elementor-element elementor-element-843c01e elementor-widget elementor-widget-heading\" data-id=\"843c01e\" data-element_type=\"widget\" data-e-type=\"widget\" data-widget_type=\"heading.default\">\n\t\t\t\t\t<h2 class=\"elementor-heading-title elementor-size-default\">Erkunden Sie nach Sektor<\/h2>\t\t\t\t<\/div>\n\t\t<div class=\"elementor-element elementor-element-631c124 e-grid e-con-full e-con e-child\" data-id=\"631c124\" data-element_type=\"container\" data-e-type=\"container\">\n\t\t\t\t<div class=\"elementor-element elementor-element-f7fcb10 elementor-position-inline-start elementor-mobile-position-inline-start elementor-view-default elementor-widget elementor-widget-icon-box\" data-id=\"f7fcb10\" data-element_type=\"widget\" data-e-type=\"widget\" data-widget_type=\"icon-box.default\">\n\t\t\t\t\t\t\t<div class=\"elementor-icon-box-wrapper\">\n\n\t\t\t\t\t\t<div class=\"elementor-icon-box-icon\">\n\t\t\t\t<a href=\"https:\/\/christiegrey.com\/product-category\/marine-and-offshore\/\" class=\"elementor-icon\" tabindex=\"-1\" aria-label=\"Marine und Offshore-L\u00f6sungen\">\n\t\t\t\t<svg xmlns=\"http:\/\/www.w3.org\/2000\/svg\" width=\"24\" height=\"24\" viewBox=\"0 0 24 24\" fill=\"none\"><path d=\"M5 3V7M3 5H7M6 17V21M4 19H8M13 3L15.2857 9.85714L21 12L15.2857 14.1429L13 21L10.7143 14.1429L5 12L10.7143 9.85714L13 3Z\" stroke=\"#007EC5\" stroke-width=\"2\" stroke-linecap=\"round\" stroke-linejoin=\"round\"><\/path><\/svg>\t\t\t\t<\/a>\n\t\t\t<\/div>\n\t\t\t\n\t\t\t\t\t\t<div class=\"elementor-icon-box-content\">\n\n\t\t\t\t\t\t\t\t\t<h3 class=\"elementor-icon-box-title\">\n\t\t\t\t\t\t<a href=\"https:\/\/christiegrey.com\/product-category\/marine-and-offshore\/\" >\n\t\t\t\t\t\t\tMarine und Offshore-L\u00f6sungen\t\t\t\t\t\t<\/a>\n\t\t\t\t\t<\/h3>\n\t\t\t\t\n\t\t\t\t\t\t\t\t\t<p class=\"elementor-icon-box-description\">\n\t\t\t\t\t\tWeitere Informationen\t\t\t\t\t<\/p>\n\t\t\t\t\n\t\t\t<\/div>\n\t\t\t\n\t\t<\/div>\n\t\t\t\t\t\t<\/div>\n\t\t\t\t<div class=\"elementor-element elementor-element-25a58d8 elementor-position-inline-start elementor-mobile-position-inline-start elementor-view-default elementor-widget elementor-widget-icon-box\" data-id=\"25a58d8\" data-element_type=\"widget\" data-e-type=\"widget\" data-widget_type=\"icon-box.default\">\n\t\t\t\t\t\t\t<div class=\"elementor-icon-box-wrapper\">\n\n\t\t\t\t\t\t<div class=\"elementor-icon-box-icon\">\n\t\t\t\t<a href=\"https:\/\/christiegrey.com\/product-category\/industrial\/\" class=\"elementor-icon\" tabindex=\"-1\" aria-label=\"Industrielle L\u00f6sungen\">\n\t\t\t\t<svg xmlns=\"http:\/\/www.w3.org\/2000\/svg\" width=\"24\" height=\"24\" viewBox=\"0 0 24 24\" fill=\"none\"><path d=\"M5 3V7M3 5H7M6 17V21M4 19H8M13 3L15.2857 9.85714L21 12L15.2857 14.1429L13 21L10.7143 14.1429L5 12L10.7143 9.85714L13 3Z\" stroke=\"#007EC5\" stroke-width=\"2\" stroke-linecap=\"round\" stroke-linejoin=\"round\"><\/path><\/svg>\t\t\t\t<\/a>\n\t\t\t<\/div>\n\t\t\t\n\t\t\t\t\t\t<div class=\"elementor-icon-box-content\">\n\n\t\t\t\t\t\t\t\t\t<h3 class=\"elementor-icon-box-title\">\n\t\t\t\t\t\t<a href=\"https:\/\/christiegrey.com\/product-category\/industrial\/\" >\n\t\t\t\t\t\t\tIndustrielle L\u00f6sungen\t\t\t\t\t\t<\/a>\n\t\t\t\t\t<\/h3>\n\t\t\t\t\n\t\t\t\t\t\t\t\t\t<p class=\"elementor-icon-box-description\">\n\t\t\t\t\t\tWeitere Informationen\t\t\t\t\t<\/p>\n\t\t\t\t\n\t\t\t<\/div>\n\t\t\t\n\t\t<\/div>\n\t\t\t\t\t\t<\/div>\n\t\t\t\t<div class=\"elementor-element elementor-element-9d3ee52 elementor-position-inline-start elementor-mobile-position-inline-start elementor-view-default elementor-widget elementor-widget-icon-box\" data-id=\"9d3ee52\" data-element_type=\"widget\" data-e-type=\"widget\" data-widget_type=\"icon-box.default\">\n\t\t\t\t\t\t\t<div class=\"elementor-icon-box-wrapper\">\n\n\t\t\t\t\t\t<div class=\"elementor-icon-box-icon\">\n\t\t\t\t<a href=\"https:\/\/christiegrey.com\/product-category\/construction-products\/\" class=\"elementor-icon\" tabindex=\"-1\" aria-label=\"Baul\u00f6sungen\">\n\t\t\t\t<svg xmlns=\"http:\/\/www.w3.org\/2000\/svg\" width=\"24\" height=\"24\" viewBox=\"0 0 24 24\" fill=\"none\"><path d=\"M5 3V7M3 5H7M6 17V21M4 19H8M13 3L15.2857 9.85714L21 12L15.2857 14.1429L13 21L10.7143 14.1429L5 12L10.7143 9.85714L13 3Z\" stroke=\"#007EC5\" stroke-width=\"2\" stroke-linecap=\"round\" stroke-linejoin=\"round\"><\/path><\/svg>\t\t\t\t<\/a>\n\t\t\t<\/div>\n\t\t\t\n\t\t\t\t\t\t<div class=\"elementor-icon-box-content\">\n\n\t\t\t\t\t\t\t\t\t<h3 class=\"elementor-icon-box-title\">\n\t\t\t\t\t\t<a href=\"https:\/\/christiegrey.com\/product-category\/construction-products\/\" >\n\t\t\t\t\t\t\tBaul\u00f6sungen\t\t\t\t\t\t<\/a>\n\t\t\t\t\t<\/h3>\n\t\t\t\t\n\t\t\t\t\t\t\t\t\t<p class=\"elementor-icon-box-description\">\n\t\t\t\t\t\tWeitere Informationen\t\t\t\t\t<\/p>\n\t\t\t\t\n\t\t\t<\/div>\n\t\t\t\n\t\t<\/div>\n\t\t\t\t\t\t<\/div>\n\t\t\t\t<\/div>\n\t\t\t\t\t<\/div>\n\t\t\t\t<\/div>\n\t\t<div class=\"elementor-element elementor-element-b8df315 e-flex e-con-boxed e-con e-parent\" data-id=\"b8df315\" data-element_type=\"container\" data-e-type=\"container\" data-settings=\"{&quot;background_background&quot;:&quot;classic&quot;}\">\n\t\t\t\t\t<div class=\"e-con-inner\">\n\t\t\t\t<div class=\"elementor-element elementor-element-225634b elementor-widget elementor-widget-shortcode\" data-id=\"225634b\" data-element_type=\"widget\" data-e-type=\"widget\" data-widget_type=\"shortcode.default\">\n\t\t\t\t\t\t\t<div class=\"elementor-shortcode\">\t\t<div data-elementor-type=\"container\" data-elementor-id=\"4123\" class=\"elementor elementor-4123 elementor-1986\" data-elementor-post-type=\"elementor_library\">\n\t\t\t\t<div class=\"elementor-element elementor-element-6952cb5f e-flex e-con-boxed e-con e-parent\" data-id=\"6952cb5f\" data-element_type=\"container\" data-e-type=\"container\" data-settings=\"{&quot;background_background&quot;:&quot;classic&quot;}\">\n\t\t\t\t\t<div class=\"e-con-inner\">\n\t\t<div class=\"elementor-element elementor-element-7c9568df e-grid e-con-full e-con e-child\" data-id=\"7c9568df\" data-element_type=\"container\" data-e-type=\"container\">\n\t\t\t\t<div class=\"elementor-element elementor-element-9cb4307 elementor-widget elementor-widget-heading\" data-id=\"9cb4307\" data-element_type=\"widget\" data-e-type=\"widget\" data-widget_type=\"heading.default\">\n\t\t\t\t\t<h2 class=\"elementor-heading-title elementor-size-default\">F\u00fcr weitere Informationen oder Anfragen<\/h2>\t\t\t\t<\/div>\n\t\t\t\t<div class=\"elementor-element elementor-element-2e480406 elementor-widget elementor-widget-html\" data-id=\"2e480406\" data-element_type=\"widget\" data-e-type=\"widget\" data-widget_type=\"html.default\">\n\t\t\t\t\t<a class=\"about-contact-link\" href=\"https:\/\/christiegrey.com\/contact\/\">Kontaktieren Sie uns  <img decoding=\"async\" class=\"white-arrow\" src=\"https:\/\/christiegrey.com\/wp-content\/uploads\/2025\/12\/contact-icon.png\" alt=\"\">\n<\/a>\t\t\t\t<\/div>\n\t\t\t\t<\/div>\n\t\t\t\t\t<\/div>\n\t\t\t\t<\/div>\n\t\t\t\t<\/div>\n\t\t<\/div>\n\t\t\t\t\t\t<\/div>\n\t\t\t\t\t<\/div>\n\t\t\t\t<\/div>\n\t\t<div class=\"elementor-element elementor-element-7ccc7c2 e-flex e-con-boxed e-con e-parent\" data-id=\"7ccc7c2\" data-element_type=\"container\" data-e-type=\"container\">\n\t\t\t\t\t<div class=\"e-con-inner\">\n\t\t\t\t\t<\/div>\n\t\t\t\t<\/div>\n\t\t\t\t<\/div>\n\t\t","protected":false},"excerpt":{"rendered":"<p>Unser Erbe Die Nachverfolgung des ingenieurtechnischen Erbes von Christie &amp; Grey von 1914 bis heute. Gegr\u00fcndet 1914, ist die Geschichte von Christie &amp; Grey durch technischen Fortschritt gepr\u00e4gt, nicht nur durch Langlebigkeit. Seit mehr als einem Jahrhundert entwickelt das Unternehmen L\u00f6sungen zur Vibrations-, L\u00e4rm- und Sto\u00dfkontrolle als Reaktion auf reale Herausforderungen \u2013 es unterst\u00fctzt sich&hellip;<\/p>\n","protected":false},"author":1,"featured_media":0,"parent":0,"menu_order":0,"comment_status":"closed","ping_status":"closed","template":"","meta":{"_acf_changed":false,"footnotes":""},"class_list":["post-3669","page","type-page","status-publish","hentry"],"acf":[],"yoast_head":"<!-- This site is optimized with the Yoast SEO plugin v27.0 - https:\/\/yoast.com\/product\/yoast-seo-wordpress\/ -->\n<title>Erbe und Geschichte von Christie &amp; Grey \u2013 Ingenieursverm\u00e4chtnis<\/title>\n<meta name=\"description\" content=\"Entdecken Sie das Erbe von Christie &amp; Grey, das auf jahrzehntelanger technischer Expertise in Schwingungskontrolle und akustischen L\u00f6sungen basiert und die industrielle Leistung pr\u00e4gt.\" \/>\n<meta name=\"robots\" content=\"index, follow, max-snippet:-1, max-image-preview:large, max-video-preview:-1\" \/>\n<link rel=\"canonical\" href=\"https:\/\/www.christiegrey.com\/heritage\/\" \/>\n<meta property=\"og:locale\" content=\"de_DE\" \/>\n<meta property=\"og:type\" content=\"article\" \/>\n<meta property=\"og:title\" content=\"Erbe und Geschichte von Christie &amp; Grey \u2013 Ingenieursverm\u00e4chtnis\" \/>\n<meta property=\"og:description\" content=\"Entdecken Sie das Erbe von Christie &amp; Grey, das auf jahrzehntelanger technischer Expertise in Schwingungskontrolle und akustischen L\u00f6sungen basiert und die industrielle Leistung pr\u00e4gt.\" \/>\n<meta property=\"og:url\" content=\"https:\/\/www.christiegrey.com\/heritage\/\" \/>\n<meta property=\"article:publisher\" content=\"https:\/\/www.facebook.com\/christieandgreylimited\" \/>\n<meta property=\"article:modified_time\" content=\"2026-01-26T07:17:22+00:00\" \/>\n<meta name=\"twitter:card\" content=\"summary_large_image\" \/>\n<meta name=\"twitter:site\" content=\"@christiegreyltd\" \/>\n<meta name=\"twitter:label1\" content=\"Gesch\u00e4tzte Lesezeit\" \/>\n\t<meta name=\"twitter:data1\" content=\"1\u00a0Minute\" \/>\n<script type=\"application\/ld+json\" class=\"yoast-schema-graph\">{\"@context\":\"https:\/\/schema.org\",\"@graph\":[{\"@type\":\"WebPage\",\"@id\":\"https:\/\/www.christiegrey.com\/heritage\/\",\"url\":\"https:\/\/www.christiegrey.com\/heritage\/\",\"name\":\"Erbe und Geschichte von Christie & Grey \u2013 Ingenieursverm\u00e4chtnis\",\"isPartOf\":{\"@id\":\"https:\/\/www.christiegrey.com\/#website\"},\"datePublished\":\"2025-12-26T09:31:19+00:00\",\"dateModified\":\"2026-01-26T07:17:22+00:00\",\"description\":\"Entdecken Sie das Erbe von Christie & Grey, das auf jahrzehntelanger technischer Expertise in Schwingungskontrolle und akustischen L\u00f6sungen basiert und die industrielle Leistung pr\u00e4gt.\",\"breadcrumb\":{\"@id\":\"https:\/\/www.christiegrey.com\/heritage\/#breadcrumb\"},\"inLanguage\":\"de\",\"potentialAction\":[{\"@type\":\"ReadAction\",\"target\":[\"https:\/\/www.christiegrey.com\/heritage\/\"]}]},{\"@type\":\"BreadcrumbList\",\"@id\":\"https:\/\/www.christiegrey.com\/heritage\/#breadcrumb\",\"itemListElement\":[{\"@type\":\"ListItem\",\"position\":1,\"name\":\"Zuhause\",\"item\":\"https:\/\/www.christiegrey.com\/\"},{\"@type\":\"ListItem\",\"position\":2,\"name\":\"Erbe\"}]},{\"@type\":\"WebSite\",\"@id\":\"https:\/\/www.christiegrey.com\/#website\",\"url\":\"https:\/\/www.christiegrey.com\/\",\"name\":\"Christie & Grey\",\"description\":\"\",\"publisher\":{\"@id\":\"https:\/\/www.christiegrey.com\/#organization\"},\"potentialAction\":[{\"@type\":\"SearchAction\",\"target\":{\"@type\":\"EntryPoint\",\"urlTemplate\":\"https:\/\/www.christiegrey.com\/?s={search_term_string}\"},\"query-input\":{\"@type\":\"PropertyValueSpecification\",\"valueRequired\":true,\"valueName\":\"search_term_string\"}}],\"inLanguage\":\"de\"},{\"@type\":\"Organization\",\"@id\":\"https:\/\/www.christiegrey.com\/#organization\",\"name\":\"Christie & Grey\",\"url\":\"https:\/\/www.christiegrey.com\/\",\"logo\":{\"@type\":\"ImageObject\",\"inLanguage\":\"de\",\"@id\":\"https:\/\/www.christiegrey.com\/#\/schema\/logo\/image\/\",\"url\":\"https:\/\/www.christiegrey.com\/wp-content\/uploads\/2026\/02\/cropped-logo-scaled-1.png\",\"contentUrl\":\"https:\/\/www.christiegrey.com\/wp-content\/uploads\/2026\/02\/cropped-logo-scaled-1.png\",\"width\":250,\"height\":90,\"caption\":\"Christie & Grey\"},\"image\":{\"@id\":\"https:\/\/www.christiegrey.com\/#\/schema\/logo\/image\/\"},\"sameAs\":[\"https:\/\/www.facebook.com\/christieandgreylimited\",\"https:\/\/x.com\/christiegreyltd\"]}]}<\/script>\n<!-- \/ Yoast SEO plugin. -->","yoast_head_json":{"title":"Erbe und Geschichte von Christie & Grey \u2013 Ingenieursverm\u00e4chtnis","description":"Entdecken Sie das Erbe von Christie & Grey, das auf jahrzehntelanger technischer Expertise in Schwingungskontrolle und akustischen L\u00f6sungen basiert und die industrielle Leistung pr\u00e4gt.","robots":{"index":"index","follow":"follow","max-snippet":"max-snippet:-1","max-image-preview":"max-image-preview:large","max-video-preview":"max-video-preview:-1"},"canonical":"https:\/\/www.christiegrey.com\/heritage\/","og_locale":"de_DE","og_type":"article","og_title":"Erbe und Geschichte von Christie & Grey \u2013 Ingenieursverm\u00e4chtnis","og_description":"Entdecken Sie das Erbe von Christie & Grey, das auf jahrzehntelanger technischer Expertise in Schwingungskontrolle und akustischen L\u00f6sungen basiert und die industrielle Leistung pr\u00e4gt.","og_url":"https:\/\/www.christiegrey.com\/heritage\/","article_publisher":"https:\/\/www.facebook.com\/christieandgreylimited","article_modified_time":"2026-01-26T07:17:22+00:00","twitter_card":"summary_large_image","twitter_site":"@christiegreyltd","twitter_misc":{"Gesch\u00e4tzte Lesezeit":"1\u00a0Minute"},"schema":{"@context":"https:\/\/schema.org","@graph":[{"@type":"WebPage","@id":"https:\/\/www.christiegrey.com\/heritage\/","url":"https:\/\/www.christiegrey.com\/heritage\/","name":"Erbe und Geschichte von Christie & Grey \u2013 Ingenieursverm\u00e4chtnis","isPartOf":{"@id":"https:\/\/www.christiegrey.com\/#website"},"datePublished":"2025-12-26T09:31:19+00:00","dateModified":"2026-01-26T07:17:22+00:00","description":"Entdecken Sie das Erbe von Christie & Grey, das auf jahrzehntelanger technischer Expertise in Schwingungskontrolle und akustischen L\u00f6sungen basiert und die industrielle Leistung pr\u00e4gt.","breadcrumb":{"@id":"https:\/\/www.christiegrey.com\/heritage\/#breadcrumb"},"inLanguage":"de","potentialAction":[{"@type":"ReadAction","target":["https:\/\/www.christiegrey.com\/heritage\/"]}]},{"@type":"BreadcrumbList","@id":"https:\/\/www.christiegrey.com\/heritage\/#breadcrumb","itemListElement":[{"@type":"ListItem","position":1,"name":"Zuhause","item":"https:\/\/www.christiegrey.com\/"},{"@type":"ListItem","position":2,"name":"Erbe"}]},{"@type":"WebSite","@id":"https:\/\/www.christiegrey.com\/#website","url":"https:\/\/www.christiegrey.com\/","name":"Christie & Grey","description":"","publisher":{"@id":"https:\/\/www.christiegrey.com\/#organization"},"potentialAction":[{"@type":"SearchAction","target":{"@type":"EntryPoint","urlTemplate":"https:\/\/www.christiegrey.com\/?s={search_term_string}"},"query-input":{"@type":"PropertyValueSpecification","valueRequired":true,"valueName":"search_term_string"}}],"inLanguage":"de"},{"@type":"Organization","@id":"https:\/\/www.christiegrey.com\/#organization","name":"Christie & Grey","url":"https:\/\/www.christiegrey.com\/","logo":{"@type":"ImageObject","inLanguage":"de","@id":"https:\/\/www.christiegrey.com\/#\/schema\/logo\/image\/","url":"https:\/\/www.christiegrey.com\/wp-content\/uploads\/2026\/02\/cropped-logo-scaled-1.png","contentUrl":"https:\/\/www.christiegrey.com\/wp-content\/uploads\/2026\/02\/cropped-logo-scaled-1.png","width":250,"height":90,"caption":"Christie & Grey"},"image":{"@id":"https:\/\/www.christiegrey.com\/#\/schema\/logo\/image\/"},"sameAs":["https:\/\/www.facebook.com\/christieandgreylimited","https:\/\/x.com\/christiegreyltd"]}]}},"_links":{"self":[{"href":"https:\/\/www.christiegrey.com\/de\/wp-json\/wp\/v2\/pages\/3669","targetHints":{"allow":["GET"]}}],"collection":[{"href":"https:\/\/www.christiegrey.com\/de\/wp-json\/wp\/v2\/pages"}],"about":[{"href":"https:\/\/www.christiegrey.com\/de\/wp-json\/wp\/v2\/types\/page"}],"author":[{"embeddable":true,"href":"https:\/\/www.christiegrey.com\/de\/wp-json\/wp\/v2\/users\/1"}],"replies":[{"embeddable":true,"href":"https:\/\/www.christiegrey.com\/de\/wp-json\/wp\/v2\/comments?post=3669"}],"version-history":[{"count":4,"href":"https:\/\/www.christiegrey.com\/de\/wp-json\/wp\/v2\/pages\/3669\/revisions"}],"predecessor-version":[{"id":3793,"href":"https:\/\/www.christiegrey.com\/de\/wp-json\/wp\/v2\/pages\/3669\/revisions\/3793"}],"wp:attachment":[{"href":"https:\/\/www.christiegrey.com\/de\/wp-json\/wp\/v2\/media?parent=3669"}],"curies":[{"name":"wp","href":"https:\/\/api.w.org\/{rel}","templated":true}]}}