{"id":3633,"date":"2025-12-29T07:30:01","date_gmt":"2025-12-29T07:30:01","guid":{"rendered":"https:\/\/christiegrey.com\/technische-unterstuetzung\/"},"modified":"2026-02-02T12:33:53","modified_gmt":"2026-02-02T12:33:53","slug":"technische-unterstuetzung","status":"publish","type":"page","link":"https:\/\/www.christiegrey.com\/de\/technische-unterstuetzung\/","title":{"rendered":"Technische Unterst\u00fctzung"},"content":{"rendered":"\t\t<div data-elementor-type=\"wp-post\" data-elementor-id=\"3633\" class=\"elementor elementor-3633 elementor-1331\" data-elementor-post-type=\"page\">\n\t\t\t\t<div class=\"elementor-element elementor-element-f1cb943 e-flex e-con-boxed e-con e-parent\" data-id=\"f1cb943\" data-element_type=\"container\" data-e-type=\"container\" data-settings=\"{&quot;background_background&quot;:&quot;classic&quot;}\">\n\t\t\t\t\t<div class=\"e-con-inner\">\n\t\t\t\t<div class=\"elementor-element elementor-element-157ddb8 elementor-widget elementor-widget-heading\" data-id=\"157ddb8\" data-element_type=\"widget\" data-e-type=\"widget\" data-widget_type=\"heading.default\">\n\t\t\t\t\t<h1 class=\"elementor-heading-title elementor-size-default\">Lebenslange technische Unterst\u00fctzung<\/h1>\t\t\t\t<\/div>\n\t\t\t\t<div class=\"elementor-element elementor-element-da5fcde elementor-widget elementor-widget-text-editor\" data-id=\"da5fcde\" data-element_type=\"widget\" data-e-type=\"widget\" data-widget_type=\"text-editor.default\">\n\t\t\t\t\t\t\t\t\tLebenslanger technischer Support f\u00fcr Christie &amp; Grey-Produkte und -Systeme.\t\t\t\t\t\t\t\t<\/div>\n\t\t\t\t\t<\/div>\n\t\t\t\t<\/div>\n\t\t<div class=\"elementor-element elementor-element-319d5055 e-flex e-con-boxed e-con e-parent\" data-id=\"319d5055\" data-element_type=\"container\" data-e-type=\"container\" data-settings=\"{&quot;background_background&quot;:&quot;classic&quot;}\">\n\t\t\t\t\t<div class=\"e-con-inner\">\n\t\t\t\t<div class=\"elementor-element elementor-element-1d86db41 elementor-widget elementor-widget-heading\" data-id=\"1d86db41\" data-element_type=\"widget\" data-e-type=\"widget\" data-widget_type=\"heading.default\">\n\t\t\t\t\t<h2 class=\"elementor-heading-title elementor-size-default\">Jedes Christie &amp; Grey-Produkt wird durch lebenslangen technischen Support unterst\u00fctzt, der ohne zus\u00e4tzliche Kosten angeboten wird.<\/h2>\t\t\t\t<\/div>\n\t\t\t\t<div class=\"elementor-element elementor-element-68b1cffa elementor-widget elementor-widget-text-editor\" data-id=\"68b1cffa\" data-element_type=\"widget\" data-e-type=\"widget\" data-widget_type=\"text-editor.default\">\n\t\t\t\t\t\t\t\t\tDiese Unterst\u00fctzung ist ein integraler Bestandteil unserer Arbeitsweise \u2013 kein optionaler Zusatz. Egal, ob ein System k\u00fcrzlich oder vor Jahrzehnten geliefert wurde, unser Ingenieurteam steht weiterhin zur Verf\u00fcgung, um sicherzustellen, dass es weiterhin wie vorgesehen funktioniert.\nSeit mehr als einem Jahrhundert entwickelt und liefert Christie &amp; Grey entwickelte Antivibrations-, L\u00e4rm- und Sto\u00dfkontrolll\u00f6sungen f\u00fcr anspruchsvolle Anwendungen weltweit. Wir sind nicht nur stolz auf die Qualit\u00e4t und Haltbarkeit unserer Produkte, sondern auch auf die langfristige Unterst\u00fctzung, die ihnen dahintersteht.\n\t\t\t\t\t\t\t\t<\/div>\n\t\t\t\t\t<\/div>\n\t\t\t\t<\/div>\n\t\t<div class=\"elementor-element elementor-element-6b5b8c6 e-flex e-con-boxed e-con e-parent\" data-id=\"6b5b8c6\" data-element_type=\"container\" data-e-type=\"container\" data-settings=\"{&quot;background_background&quot;:&quot;classic&quot;}\">\n\t\t\t\t\t<div class=\"e-con-inner\">\n\t\t\t\t<div class=\"elementor-element elementor-element-9bc5ea6 elementor-widget elementor-widget-heading\" data-id=\"9bc5ea6\" data-element_type=\"widget\" data-e-type=\"widget\" data-widget_type=\"heading.default\">\n\t\t\t\t\t<h2 class=\"elementor-heading-title elementor-size-default\">Reichen Sie ein technisches Formular ein<br>Support-Anfrage<\/h2>\t\t\t\t<\/div>\n\t\t\t\t\t<\/div>\n\t\t\t\t<\/div>\n\t\t<div class=\"elementor-element elementor-element-d98f796 e-flex e-con-boxed e-con e-parent\" data-id=\"d98f796\" data-element_type=\"container\" data-e-type=\"container\" id=\"technical-support\">\n\t\t\t\t\t<div class=\"e-con-inner\">\n\t\t\t\t<div class=\"elementor-element elementor-element-94a4d1b elementor-widget__width-initial elementor-button-align-stretch elementor-widget elementor-widget-form\" data-id=\"94a4d1b\" data-element_type=\"widget\" data-e-type=\"widget\" data-settings=\"{&quot;step_next_label&quot;:&quot;N\\u00e4chster&quot;,&quot;step_previous_label&quot;:&quot;Fr\\u00fcher&quot;,&quot;button_width&quot;:&quot;100&quot;,&quot;step_type&quot;:&quot;number_text&quot;,&quot;step_icon_shape&quot;:&quot;circle&quot;}\" data-widget_type=\"form.default\">\n\t\t\t\t\t\t\t<form class=\"elementor-form\" method=\"post\" name=\"Neue Form\" aria-label=\"Neue Form\">\n\t\t\t<input type=\"hidden\" name=\"post_id\" value=\"3633\"\/>\n\t\t\t<input type=\"hidden\" name=\"form_id\" value=\"94a4d1b\"\/>\n\t\t\t<input type=\"hidden\" name=\"referer_title\" value=\"Technischer Support \u2013 Hilfe bei Vibrations- und Akustikl\u00f6sungen\" \/>\n\n\t\t\t\t\t\t\t<input type=\"hidden\" name=\"queried_id\" value=\"3633\"\/>\n\t\t\t\n\t\t\t<div class=\"elementor-form-fields-wrapper elementor-labels-above\">\n\t\t\t\t\t\t\t\t<div class=\"elementor-field-type-select elementor-field-group elementor-column elementor-field-group-name elementor-col-100\">\n\t\t\t\t\t\t\t\t\t\t\t\t<label for=\"form-field-name\" class=\"elementor-field-label\">\n\t\t\t\t\t\t\t\tSektor\t\t\t\t\t\t\t<\/label>\n\t\t\t\t\t\t\t\t<div class=\"elementor-field elementor-select-wrapper remove-before \">\n\t\t\t<div class=\"select-caret-down-wrapper\">\n\t\t\t\t<svg aria-hidden=\"true\" class=\"e-font-icon-svg e-eicon-caret-down\" viewBox=\"0 0 571.4 571.4\" xmlns=\"http:\/\/www.w3.org\/2000\/svg\"><path d=\"M571 393Q571 407 561 418L311 668Q300 679 286 679T261 668L11 418Q0 407 0 393T11 368 36 357H536Q550 357 561 368T571 393Z\"><\/path><\/svg>\t\t\t<\/div>\n\t\t\t<select name=\"form_fields[name]\" id=\"form-field-name\" class=\"elementor-field-textual elementor-size-sm\">\n\t\t\t\t\t\t\t\t\t<option value=\"Marine- und Offshore-Industriebau\">Marine- und Offshore-Industriebau<\/option>\n\t\t\t\t\t\t\t\t\t<option value=\"\"><\/option>\n\t\t\t\t\t\t\t\t\t<option value=\"\"><\/option>\n\t\t\t\t\t\t\t<\/select>\n\t\t<\/div>\n\t\t\t\t\t\t<\/div>\n\t\t\t\t\t\t\t\t<div class=\"elementor-field-type-select elementor-field-group elementor-column elementor-field-group-field_9ae110e elementor-col-100\">\n\t\t\t\t\t\t\t\t\t\t\t\t<label for=\"form-field-field_9ae110e\" class=\"elementor-field-label\">\n\t\t\t\t\t\t\t\tLage\t\t\t\t\t\t\t<\/label>\n\t\t\t\t\t\t\t\t<div class=\"elementor-field elementor-select-wrapper remove-before \">\n\t\t\t<div class=\"select-caret-down-wrapper\">\n\t\t\t\t<svg aria-hidden=\"true\" class=\"e-font-icon-svg e-eicon-caret-down\" viewBox=\"0 0 571.4 571.4\" xmlns=\"http:\/\/www.w3.org\/2000\/svg\"><path d=\"M571 393Q571 407 561 418L311 668Q300 679 286 679T261 668L11 418Q0 407 0 393T11 368 36 357H536Q550 357 561 368T571 393Z\"><\/path><\/svg>\t\t\t<\/div>\n\t\t\t<select name=\"form_fields[field_9ae110e]\" id=\"form-field-field_9ae110e\" class=\"elementor-field-textual elementor-size-sm\">\n\t\t\t\t\t\t\t\t\t<option value=\"Vereinigtes K\u00f6nigreich\">Vereinigtes K\u00f6nigreich<\/option>\n\t\t\t\t\t\t\t\t\t<option value=\", USA,\">, USA,<\/option>\n\t\t\t\t\t\t\t\t\t<option value=\"Rest der Welt\">Rest der Welt<\/option>\n\t\t\t\t\t\t\t<\/select>\n\t\t<\/div>\n\t\t\t\t\t\t<\/div>\n\t\t\t\t\t\t\t\t<div class=\"elementor-field-type-text elementor-field-group elementor-column elementor-field-group-email elementor-col-100 elementor-field-required\">\n\t\t\t\t\t\t\t\t\t\t\t\t<label for=\"form-field-email\" class=\"elementor-field-label\">\n\t\t\t\t\t\t\t\tProdukt\t\t\t\t\t\t\t<\/label>\n\t\t\t\t\t\t\t\t\t\t\t\t\t\t<input size=\"1\" type=\"text\" name=\"form_fields[email]\" id=\"form-field-email\" class=\"elementor-field elementor-size-sm  elementor-field-textual\" placeholder=\"Produktname\" required=\"required\">\n\t\t\t\t\t\t\t\t\t\t\t<\/div>\n\t\t\t\t\t\t\t\t<div class=\"elementor-field-type-text elementor-field-group elementor-column elementor-field-group-field_86d3ba1 elementor-col-100 elementor-field-required\">\n\t\t\t\t\t\t\t\t\t\t\t\t<label for=\"form-field-field_86d3ba1\" class=\"elementor-field-label\">\n\t\t\t\t\t\t\t\tIhr Name\t\t\t\t\t\t\t<\/label>\n\t\t\t\t\t\t\t\t\t\t\t\t\t\t<input size=\"1\" type=\"text\" name=\"form_fields[field_86d3ba1]\" id=\"form-field-field_86d3ba1\" class=\"elementor-field elementor-size-sm  elementor-field-textual\" placeholder=\"Vollst\u00e4ndiger Name\" required=\"required\">\n\t\t\t\t\t\t\t\t\t\t\t<\/div>\n\t\t\t\t\t\t\t\t<div class=\"elementor-field-type-email elementor-field-group elementor-column elementor-field-group-field_4383e05 elementor-col-100 elementor-field-required\">\n\t\t\t\t\t\t\t\t\t\t\t\t<label for=\"form-field-field_4383e05\" class=\"elementor-field-label\">\n\t\t\t\t\t\t\t\tE-Mail\t\t\t\t\t\t\t<\/label>\n\t\t\t\t\t\t\t\t\t\t\t\t\t\t<input size=\"1\" type=\"email\" name=\"form_fields[field_4383e05]\" id=\"form-field-field_4383e05\" class=\"elementor-field elementor-size-sm  elementor-field-textual\" placeholder=\"name@email.com\" required=\"required\">\n\t\t\t\t\t\t\t\t\t\t\t<\/div>\n\t\t\t\t\t\t\t\t<div class=\"elementor-field-type-tel elementor-field-group elementor-column elementor-field-group-field_45cf69a elementor-col-100 elementor-field-required\">\n\t\t\t\t\t\t\t\t\t\t\t\t<label for=\"form-field-field_45cf69a\" class=\"elementor-field-label\">\n\t\t\t\t\t\t\t\tTelefon\t\t\t\t\t\t\t<\/label>\n\t\t\t\t\t\t\t\t<input size=\"1\" type=\"tel\" name=\"form_fields[field_45cf69a]\" id=\"form-field-field_45cf69a\" class=\"elementor-field elementor-size-sm  elementor-field-textual\" placeholder=\"(880) 123 456 789\" required=\"required\" pattern=\"[0-9()#&amp;+*-=.]+\" title=\"Nur Nummern oder Telefon-Zeichen (#, -, *, etc) werden akzeptiert.\">\n\n\t\t\t\t\t\t<\/div>\n\t\t\t\t\t\t\t\t<div class=\"elementor-field-type-textarea elementor-field-group elementor-column elementor-field-group-field_960006f elementor-col-100\">\n\t\t\t\t\t\t\t\t\t\t\t\t<label for=\"form-field-field_960006f\" class=\"elementor-field-label\">\n\t\t\t\t\t\t\t\tNachricht\t\t\t\t\t\t\t<\/label>\n\t\t\t\t\t\t<textarea class=\"elementor-field-textual elementor-field  elementor-size-sm\" name=\"form_fields[field_960006f]\" id=\"form-field-field_960006f\" rows=\"4\" placeholder=\"Untersuchungsdetails\"><\/textarea>\t\t\t\t<\/div>\n\t\t\t\t\t\t\t\t<div class=\"elementor-field-group elementor-column elementor-field-type-submit elementor-col-100 e-form__buttons\">\n\t\t\t\t\t<button class=\"elementor-button elementor-size-sm\" type=\"submit\">\n\t\t\t\t\t\t<span class=\"elementor-button-content-wrapper\">\n\t\t\t\t\t\t\t\t\t\t\t\t\t\t\t\t\t\t\t\t\t\t<span class=\"elementor-button-text\">Senden<\/span>\n\t\t\t\t\t\t\t\t\t\t\t\t\t<\/span>\n\t\t\t\t\t<\/button>\n\t\t\t\t<\/div>\n\t\t\t<\/div>\n\t\t<\/form>\n\t\t\t\t\t\t<\/div>\n\t\t\t\t\t<\/div>\n\t\t\t\t<\/div>\n\t\t<div class=\"elementor-element elementor-element-7232fcd e-con-full e-flex e-con e-parent\" data-id=\"7232fcd\" data-element_type=\"container\" data-e-type=\"container\">\n\t\t\t\t<div class=\"elementor-element elementor-element-4925a95 elementor-widget__width-inherit elementor-widget elementor-widget-image\" data-id=\"4925a95\" data-element_type=\"widget\" data-e-type=\"widget\" data-widget_type=\"image.default\">\n\t\t\t\t\t\t\t\t\t\t\t\t\t\t\t<img fetchpriority=\"high\" decoding=\"async\" width=\"1500\" height=\"303\" src=\"https:\/\/www.christiegrey.com\/wp-content\/uploads\/2026\/01\/LineUP-sml.jpg\" class=\"attachment-full size-full wp-image-3636\" alt=\"Technical Support\" srcset=\"https:\/\/www.christiegrey.com\/wp-content\/uploads\/2026\/01\/LineUP-sml.jpg 1500w, https:\/\/www.christiegrey.com\/wp-content\/uploads\/2026\/01\/LineUP-sml-300x61.jpg 300w, https:\/\/www.christiegrey.com\/wp-content\/uploads\/2026\/01\/LineUP-sml-1024x207.jpg 1024w, https:\/\/www.christiegrey.com\/wp-content\/uploads\/2026\/01\/LineUP-sml-768x155.jpg 768w, https:\/\/www.christiegrey.com\/wp-content\/uploads\/2026\/01\/LineUP-sml-600x121.jpg 600w\" sizes=\"(max-width: 1500px) 100vw, 1500px\" \/>\t\t\t\t\t\t\t\t\t\t\t\t\t\t\t<\/div>\n\t\t\t\t<\/div>\n\t\t\t\t<\/div>\n\t\t","protected":false},"excerpt":{"rendered":"<p>Lebenslange technische Unterst\u00fctzung Lebenslanger technischer Support f\u00fcr Christie &amp; Grey-Produkte und -Systeme. Jedes Christie &amp; Grey-Produkt wird durch lebenslangen technischen Support unterst\u00fctzt, der ohne zus\u00e4tzliche Kosten angeboten wird. Diese Unterst\u00fctzung ist ein integraler Bestandteil unserer Arbeitsweise \u2013 kein optionaler Zusatz. Egal, ob ein System k\u00fcrzlich oder vor Jahrzehnten geliefert wurde, unser Ingenieurteam steht weiterhin zur&hellip;<\/p>\n","protected":false},"author":1,"featured_media":0,"parent":0,"menu_order":0,"comment_status":"closed","ping_status":"closed","template":"","meta":{"_acf_changed":false,"footnotes":""},"class_list":["post-3633","page","type-page","status-publish","hentry"],"acf":[],"yoast_head":"<!-- This site is optimized with the Yoast SEO plugin v27.0 - https:\/\/yoast.com\/product\/yoast-seo-wordpress\/ -->\n<title>Technischer Support \u2013 Hilfe bei Vibrations- und Akustikl\u00f6sungen<\/title>\n<meta name=\"description\" content=\"Erhalten Sie fachkundige technische Unterst\u00fctzung von Christie &amp; Grey f\u00fcr Schwingungskontrolle, akustische Isolierung, Produktauswahl und Unterst\u00fctzung beim Systemdesign.\" \/>\n<meta name=\"robots\" content=\"index, follow, max-snippet:-1, max-image-preview:large, max-video-preview:-1\" \/>\n<link rel=\"canonical\" href=\"https:\/\/www.christiegrey.com\/technical-support\/\" \/>\n<meta property=\"og:locale\" content=\"de_DE\" \/>\n<meta property=\"og:type\" content=\"article\" \/>\n<meta property=\"og:title\" content=\"Technischer Support \u2013 Hilfe bei Vibrations- und Akustikl\u00f6sungen\" \/>\n<meta property=\"og:description\" content=\"Erhalten Sie fachkundige technische Unterst\u00fctzung von Christie &amp; Grey f\u00fcr Schwingungskontrolle, akustische Isolierung, Produktauswahl und Unterst\u00fctzung beim Systemdesign.\" \/>\n<meta property=\"og:url\" content=\"https:\/\/www.christiegrey.com\/technical-support\/\" \/>\n<meta property=\"article:publisher\" content=\"https:\/\/www.facebook.com\/christieandgreylimited\" \/>\n<meta property=\"article:modified_time\" content=\"2026-02-02T12:33:53+00:00\" \/>\n<meta property=\"og:image\" content=\"https:\/\/www.christiegrey.com\/wp-content\/uploads\/2026\/01\/LineUP-sml.jpg\" \/>\n\t<meta property=\"og:image:width\" content=\"1500\" \/>\n\t<meta property=\"og:image:height\" content=\"303\" \/>\n\t<meta property=\"og:image:type\" content=\"image\/jpeg\" \/>\n<meta name=\"twitter:card\" content=\"summary_large_image\" \/>\n<meta name=\"twitter:site\" content=\"@christiegreyltd\" \/>\n<meta name=\"twitter:label1\" content=\"Gesch\u00e4tzte Lesezeit\" \/>\n\t<meta name=\"twitter:data1\" content=\"1\u00a0Minute\" \/>\n<script type=\"application\/ld+json\" class=\"yoast-schema-graph\">{\"@context\":\"https:\/\/schema.org\",\"@graph\":[{\"@type\":\"WebPage\",\"@id\":\"https:\/\/www.christiegrey.com\/technical-support\/\",\"url\":\"https:\/\/www.christiegrey.com\/technical-support\/\",\"name\":\"Technischer Support \u2013 Hilfe bei Vibrations- und Akustikl\u00f6sungen\",\"isPartOf\":{\"@id\":\"https:\/\/www.christiegrey.com\/#website\"},\"primaryImageOfPage\":{\"@id\":\"https:\/\/www.christiegrey.com\/technical-support\/#primaryimage\"},\"image\":{\"@id\":\"https:\/\/www.christiegrey.com\/technical-support\/#primaryimage\"},\"thumbnailUrl\":\"https:\/\/www.christiegrey.com\/wp-content\/uploads\/2026\/01\/LineUP-sml.jpg\",\"datePublished\":\"2025-12-29T07:30:01+00:00\",\"dateModified\":\"2026-02-02T12:33:53+00:00\",\"description\":\"Erhalten Sie fachkundige technische Unterst\u00fctzung von Christie & Grey f\u00fcr Schwingungskontrolle, akustische Isolierung, Produktauswahl und Unterst\u00fctzung beim Systemdesign.\",\"breadcrumb\":{\"@id\":\"https:\/\/www.christiegrey.com\/technical-support\/#breadcrumb\"},\"inLanguage\":\"de\",\"potentialAction\":[{\"@type\":\"ReadAction\",\"target\":[\"https:\/\/www.christiegrey.com\/technical-support\/\"]}]},{\"@type\":\"ImageObject\",\"inLanguage\":\"de\",\"@id\":\"https:\/\/www.christiegrey.com\/technical-support\/#primaryimage\",\"url\":\"https:\/\/www.christiegrey.com\/wp-content\/uploads\/2026\/01\/LineUP-sml.jpg\",\"contentUrl\":\"https:\/\/www.christiegrey.com\/wp-content\/uploads\/2026\/01\/LineUP-sml.jpg\"},{\"@type\":\"BreadcrumbList\",\"@id\":\"https:\/\/www.christiegrey.com\/technical-support\/#breadcrumb\",\"itemListElement\":[{\"@type\":\"ListItem\",\"position\":1,\"name\":\"Zuhause\",\"item\":\"https:\/\/www.christiegrey.com\/\"},{\"@type\":\"ListItem\",\"position\":2,\"name\":\"Technische Unterst\u00fctzung\"}]},{\"@type\":\"WebSite\",\"@id\":\"https:\/\/www.christiegrey.com\/#website\",\"url\":\"https:\/\/www.christiegrey.com\/\",\"name\":\"Christie & Grey\",\"description\":\"\",\"publisher\":{\"@id\":\"https:\/\/www.christiegrey.com\/#organization\"},\"potentialAction\":[{\"@type\":\"SearchAction\",\"target\":{\"@type\":\"EntryPoint\",\"urlTemplate\":\"https:\/\/www.christiegrey.com\/?s={search_term_string}\"},\"query-input\":{\"@type\":\"PropertyValueSpecification\",\"valueRequired\":true,\"valueName\":\"search_term_string\"}}],\"inLanguage\":\"de\"},{\"@type\":\"Organization\",\"@id\":\"https:\/\/www.christiegrey.com\/#organization\",\"name\":\"Christie & Grey\",\"url\":\"https:\/\/www.christiegrey.com\/\",\"logo\":{\"@type\":\"ImageObject\",\"inLanguage\":\"de\",\"@id\":\"https:\/\/www.christiegrey.com\/#\/schema\/logo\/image\/\",\"url\":\"https:\/\/www.christiegrey.com\/wp-content\/uploads\/2026\/02\/cropped-logo-scaled-1.png\",\"contentUrl\":\"https:\/\/www.christiegrey.com\/wp-content\/uploads\/2026\/02\/cropped-logo-scaled-1.png\",\"width\":250,\"height\":90,\"caption\":\"Christie & Grey\"},\"image\":{\"@id\":\"https:\/\/www.christiegrey.com\/#\/schema\/logo\/image\/\"},\"sameAs\":[\"https:\/\/www.facebook.com\/christieandgreylimited\",\"https:\/\/x.com\/christiegreyltd\"]}]}<\/script>\n<!-- \/ Yoast SEO plugin. -->","yoast_head_json":{"title":"Technischer Support \u2013 Hilfe bei Vibrations- und Akustikl\u00f6sungen","description":"Erhalten Sie fachkundige technische Unterst\u00fctzung von Christie & Grey f\u00fcr Schwingungskontrolle, akustische Isolierung, Produktauswahl und Unterst\u00fctzung beim Systemdesign.","robots":{"index":"index","follow":"follow","max-snippet":"max-snippet:-1","max-image-preview":"max-image-preview:large","max-video-preview":"max-video-preview:-1"},"canonical":"https:\/\/www.christiegrey.com\/technical-support\/","og_locale":"de_DE","og_type":"article","og_title":"Technischer Support \u2013 Hilfe bei Vibrations- und Akustikl\u00f6sungen","og_description":"Erhalten Sie fachkundige technische Unterst\u00fctzung von Christie & Grey f\u00fcr Schwingungskontrolle, akustische Isolierung, Produktauswahl und Unterst\u00fctzung beim Systemdesign.","og_url":"https:\/\/www.christiegrey.com\/technical-support\/","article_publisher":"https:\/\/www.facebook.com\/christieandgreylimited","article_modified_time":"2026-02-02T12:33:53+00:00","og_image":[{"width":1500,"height":303,"url":"https:\/\/www.christiegrey.com\/wp-content\/uploads\/2026\/01\/LineUP-sml.jpg","type":"image\/jpeg"}],"twitter_card":"summary_large_image","twitter_site":"@christiegreyltd","twitter_misc":{"Gesch\u00e4tzte Lesezeit":"1\u00a0Minute"},"schema":{"@context":"https:\/\/schema.org","@graph":[{"@type":"WebPage","@id":"https:\/\/www.christiegrey.com\/technical-support\/","url":"https:\/\/www.christiegrey.com\/technical-support\/","name":"Technischer Support \u2013 Hilfe bei Vibrations- und Akustikl\u00f6sungen","isPartOf":{"@id":"https:\/\/www.christiegrey.com\/#website"},"primaryImageOfPage":{"@id":"https:\/\/www.christiegrey.com\/technical-support\/#primaryimage"},"image":{"@id":"https:\/\/www.christiegrey.com\/technical-support\/#primaryimage"},"thumbnailUrl":"https:\/\/www.christiegrey.com\/wp-content\/uploads\/2026\/01\/LineUP-sml.jpg","datePublished":"2025-12-29T07:30:01+00:00","dateModified":"2026-02-02T12:33:53+00:00","description":"Erhalten Sie fachkundige technische Unterst\u00fctzung von Christie & Grey f\u00fcr Schwingungskontrolle, akustische Isolierung, Produktauswahl und Unterst\u00fctzung beim Systemdesign.","breadcrumb":{"@id":"https:\/\/www.christiegrey.com\/technical-support\/#breadcrumb"},"inLanguage":"de","potentialAction":[{"@type":"ReadAction","target":["https:\/\/www.christiegrey.com\/technical-support\/"]}]},{"@type":"ImageObject","inLanguage":"de","@id":"https:\/\/www.christiegrey.com\/technical-support\/#primaryimage","url":"https:\/\/www.christiegrey.com\/wp-content\/uploads\/2026\/01\/LineUP-sml.jpg","contentUrl":"https:\/\/www.christiegrey.com\/wp-content\/uploads\/2026\/01\/LineUP-sml.jpg"},{"@type":"BreadcrumbList","@id":"https:\/\/www.christiegrey.com\/technical-support\/#breadcrumb","itemListElement":[{"@type":"ListItem","position":1,"name":"Zuhause","item":"https:\/\/www.christiegrey.com\/"},{"@type":"ListItem","position":2,"name":"Technische Unterst\u00fctzung"}]},{"@type":"WebSite","@id":"https:\/\/www.christiegrey.com\/#website","url":"https:\/\/www.christiegrey.com\/","name":"Christie & Grey","description":"","publisher":{"@id":"https:\/\/www.christiegrey.com\/#organization"},"potentialAction":[{"@type":"SearchAction","target":{"@type":"EntryPoint","urlTemplate":"https:\/\/www.christiegrey.com\/?s={search_term_string}"},"query-input":{"@type":"PropertyValueSpecification","valueRequired":true,"valueName":"search_term_string"}}],"inLanguage":"de"},{"@type":"Organization","@id":"https:\/\/www.christiegrey.com\/#organization","name":"Christie & Grey","url":"https:\/\/www.christiegrey.com\/","logo":{"@type":"ImageObject","inLanguage":"de","@id":"https:\/\/www.christiegrey.com\/#\/schema\/logo\/image\/","url":"https:\/\/www.christiegrey.com\/wp-content\/uploads\/2026\/02\/cropped-logo-scaled-1.png","contentUrl":"https:\/\/www.christiegrey.com\/wp-content\/uploads\/2026\/02\/cropped-logo-scaled-1.png","width":250,"height":90,"caption":"Christie & Grey"},"image":{"@id":"https:\/\/www.christiegrey.com\/#\/schema\/logo\/image\/"},"sameAs":["https:\/\/www.facebook.com\/christieandgreylimited","https:\/\/x.com\/christiegreyltd"]}]}},"_links":{"self":[{"href":"https:\/\/www.christiegrey.com\/de\/wp-json\/wp\/v2\/pages\/3633","targetHints":{"allow":["GET"]}}],"collection":[{"href":"https:\/\/www.christiegrey.com\/de\/wp-json\/wp\/v2\/pages"}],"about":[{"href":"https:\/\/www.christiegrey.com\/de\/wp-json\/wp\/v2\/types\/page"}],"author":[{"embeddable":true,"href":"https:\/\/www.christiegrey.com\/de\/wp-json\/wp\/v2\/users\/1"}],"replies":[{"embeddable":true,"href":"https:\/\/www.christiegrey.com\/de\/wp-json\/wp\/v2\/comments?post=3633"}],"version-history":[{"count":6,"href":"https:\/\/www.christiegrey.com\/de\/wp-json\/wp\/v2\/pages\/3633\/revisions"}],"predecessor-version":[{"id":5057,"href":"https:\/\/www.christiegrey.com\/de\/wp-json\/wp\/v2\/pages\/3633\/revisions\/5057"}],"wp:attachment":[{"href":"https:\/\/www.christiegrey.com\/de\/wp-json\/wp\/v2\/media?parent=3633"}],"curies":[{"name":"wp","href":"https:\/\/api.w.org\/{rel}","templated":true}]}}